{"id":3409,"date":"2024-04-12T12:44:53","date_gmt":"2024-04-12T12:44:53","guid":{"rendered":"https:\/\/proeuropa.ro\/v2\/?page_id=3409"},"modified":"2024-04-12T12:46:04","modified_gmt":"2024-04-12T12:46:04","slug":"protest-armagedon-2","status":"publish","type":"page","link":"https:\/\/proeuropa.ro\/v2\/protest-armagedon-2\/","title":{"rendered":"Protest Armagedon 2"},"content":{"rendered":"\t\t<div data-elementor-type=\"wp-page\" data-elementor-id=\"3409\" class=\"elementor elementor-3409\">\n\t\t\t\t<div class=\"elementor-element elementor-element-38ab9c24 e-flex e-con-boxed e-con e-parent\" data-id=\"38ab9c24\" data-element_type=\"container\" data-e-type=\"container\">\n\t\t\t\t\t<div class=\"e-con-inner\">\n\t\t\t\t<div class=\"elementor-element elementor-element-dac805d elementor-widget elementor-widget-text-editor\" data-id=\"dac805d\" data-element_type=\"widget\" data-e-type=\"widget\" data-widget_type=\"text-editor.default\">\n\t\t\t\t<div class=\"elementor-widget-container\">\n\t\t\t\t\t\t\t\t\t<h2 class=\"western\" align=\"left\">Protest Armagedon 2<\/h2><p align=\"left\">Liga PRO EUROPA protesteaz\u0103 \u00eempotriva abuzurilor unor institu\u0163ii ale statului \u2014 Parchetul General \u015fi Ministerul Afacerilor Interne \u2014 care au dus la re\u0163inerea ilegal\u0103 a mai multor persoane presupuse a fi fost implicate \u00een difuzarea Raportului Armagedon II.<br \/><br \/>Asemenea reflexe \u0163in de dictatur\u0103 \u015fi autoritarism, constituind prejudicii grave aduse democra\u0163iei \u015fi intereselor Rom\u00e2niei de integrare \u00een Uniunea European\u0103 \u015fi Alian\u0163a Nord-Atlantic\u0103.<br \/><br \/>Liga PRO EUROPA vede \u00een aceste ac\u0163iuni arbitrare \u00eenc\u0103 o tentativ\u0103 de intimidare a cet\u0103\u0163enilor Rom\u00e2niei \u015fi de subordonare a institu\u0163iilor statului unor interese personale, partizane \u015fi circumstan\u0163iale.<br \/><br \/>Cerem \u00eencetarea anchet\u0103rii ilegale a unor cet\u0103\u0163eni suspecta\u0163i de a-\u015fi fi exercitat dreptul constitu\u0163ional la liber\u0103 expresie.<br \/><br \/>Nu \u00een ultimul r\u00eend, Liga PRO EUROPA \u00ee\u015fi rezerv\u0103 dreptul de a ac\u0163iona \u00een judecat\u0103 institu\u0163iile \u015fi persoanele publice care abuz\u00eend de func\u0163iile lor au adus atingere drepturilor \u015fi libert\u0103\u0163ilor fundamentale garantate de Constitu\u0163ie.<\/p><p align=\"left\">Liga PRO EUROPA<\/p>\t\t\t\t\t\t\t\t<\/div>\n\t\t\t\t<\/div>\n\t\t\t\t\t<\/div>\n\t\t\t\t<\/div>\n\t\t\t\t<\/div>\n\t\t","protected":false},"excerpt":{"rendered":"<p>Protest Armagedon 2 Liga PRO EUROPA protesteaz\u0103 \u00eempotriva abuzurilor unor institu\u0163ii ale statului \u2014 Parchetul General \u015fi Ministerul Afacerilor Interne \u2014 care au dus la re\u0163inerea ilegal\u0103 a mai multor persoane presupuse a fi fost implicate \u00een difuzarea Raportului Armagedon II. Asemenea reflexe \u0163in de dictatur\u0103 \u015fi autoritarism, constituind prejudicii grave aduse democra\u0163iei \u015fi intereselor [&hellip;]<\/p>\n","protected":false},"author":2,"featured_media":0,"parent":0,"menu_order":0,"comment_status":"closed","ping_status":"closed","template":"prysm-elementor-full-width.php","meta":{"footnotes":""},"class_list":["post-3409","page","type-page","status-publish","hentry"],"yoast_head":"<!-- This site is optimized with the Yoast SEO plugin v27.4 - https:\/\/yoast.com\/product\/yoast-seo-wordpress\/ -->\n<title>Protest Armagedon 2 - Liga Pro Europa<\/title>\n<meta name=\"robots\" content=\"index, follow, max-snippet:-1, max-image-preview:large, max-video-preview:-1\" \/>\n<link rel=\"canonical\" href=\"https:\/\/proeuropa.ro\/v2\/protest-armagedon-2\/\" \/>\n<meta property=\"og:locale\" content=\"en_US\" \/>\n<meta property=\"og:type\" content=\"article\" \/>\n<meta property=\"og:title\" content=\"Protest Armagedon 2 - Liga Pro Europa\" \/>\n<meta property=\"og:description\" content=\"Protest Armagedon 2 Liga PRO EUROPA protesteaz\u0103 \u00eempotriva abuzurilor unor institu\u0163ii ale statului \u2014 Parchetul General \u015fi Ministerul Afacerilor Interne \u2014 care au dus la re\u0163inerea ilegal\u0103 a mai multor persoane presupuse a fi fost implicate \u00een difuzarea Raportului Armagedon II. Asemenea reflexe \u0163in de dictatur\u0103 \u015fi autoritarism, constituind prejudicii grave aduse democra\u0163iei \u015fi intereselor [&hellip;]\" \/>\n<meta property=\"og:url\" content=\"https:\/\/proeuropa.ro\/v2\/protest-armagedon-2\/\" \/>\n<meta property=\"og:site_name\" content=\"Liga Pro Europa\" \/>\n<meta property=\"article:modified_time\" content=\"2024-04-12T12:46:04+00:00\" \/>\n<meta name=\"twitter:card\" content=\"summary_large_image\" \/>\n<meta name=\"twitter:label1\" content=\"Est. reading time\" \/>\n\t<meta name=\"twitter:data1\" content=\"1 minute\" \/>\n<script type=\"application\/ld+json\" class=\"yoast-schema-graph\">{\"@context\":\"https:\\\/\\\/schema.org\",\"@graph\":[{\"@type\":\"WebPage\",\"@id\":\"https:\\\/\\\/proeuropa.ro\\\/v2\\\/protest-armagedon-2\\\/\",\"url\":\"https:\\\/\\\/proeuropa.ro\\\/v2\\\/protest-armagedon-2\\\/\",\"name\":\"Protest Armagedon 2 - Liga Pro Europa\",\"isPartOf\":{\"@id\":\"https:\\\/\\\/proeuropa.ro\\\/v2\\\/#website\"},\"datePublished\":\"2024-04-12T12:44:53+00:00\",\"dateModified\":\"2024-04-12T12:46:04+00:00\",\"breadcrumb\":{\"@id\":\"https:\\\/\\\/proeuropa.ro\\\/v2\\\/protest-armagedon-2\\\/#breadcrumb\"},\"inLanguage\":\"en-US\",\"potentialAction\":[{\"@type\":\"ReadAction\",\"target\":[\"https:\\\/\\\/proeuropa.ro\\\/v2\\\/protest-armagedon-2\\\/\"]}]},{\"@type\":\"BreadcrumbList\",\"@id\":\"https:\\\/\\\/proeuropa.ro\\\/v2\\\/protest-armagedon-2\\\/#breadcrumb\",\"itemListElement\":[{\"@type\":\"ListItem\",\"position\":1,\"name\":\"Prima pagin\u0103\",\"item\":\"https:\\\/\\\/proeuropa.ro\\\/v2\\\/\"},{\"@type\":\"ListItem\",\"position\":2,\"name\":\"Protest Armagedon 2\"}]},{\"@type\":\"WebSite\",\"@id\":\"https:\\\/\\\/proeuropa.ro\\\/v2\\\/#website\",\"url\":\"https:\\\/\\\/proeuropa.ro\\\/v2\\\/\",\"name\":\"Liga Pro Europa\",\"description\":\"\",\"potentialAction\":[{\"@type\":\"SearchAction\",\"target\":{\"@type\":\"EntryPoint\",\"urlTemplate\":\"https:\\\/\\\/proeuropa.ro\\\/v2\\\/?s={search_term_string}\"},\"query-input\":{\"@type\":\"PropertyValueSpecification\",\"valueRequired\":true,\"valueName\":\"search_term_string\"}}],\"inLanguage\":\"en-US\"}]}<\/script>\n<!-- \/ Yoast SEO plugin. -->","yoast_head_json":{"title":"Protest Armagedon 2 - Liga Pro Europa","robots":{"index":"index","follow":"follow","max-snippet":"max-snippet:-1","max-image-preview":"max-image-preview:large","max-video-preview":"max-video-preview:-1"},"canonical":"https:\/\/proeuropa.ro\/v2\/protest-armagedon-2\/","og_locale":"en_US","og_type":"article","og_title":"Protest Armagedon 2 - Liga Pro Europa","og_description":"Protest Armagedon 2 Liga PRO EUROPA protesteaz\u0103 \u00eempotriva abuzurilor unor institu\u0163ii ale statului \u2014 Parchetul General \u015fi Ministerul Afacerilor Interne \u2014 care au dus la re\u0163inerea ilegal\u0103 a mai multor persoane presupuse a fi fost implicate \u00een difuzarea Raportului Armagedon II. Asemenea reflexe \u0163in de dictatur\u0103 \u015fi autoritarism, constituind prejudicii grave aduse democra\u0163iei \u015fi intereselor [&hellip;]","og_url":"https:\/\/proeuropa.ro\/v2\/protest-armagedon-2\/","og_site_name":"Liga Pro Europa","article_modified_time":"2024-04-12T12:46:04+00:00","twitter_card":"summary_large_image","twitter_misc":{"Est. reading time":"1 minute"},"schema":{"@context":"https:\/\/schema.org","@graph":[{"@type":"WebPage","@id":"https:\/\/proeuropa.ro\/v2\/protest-armagedon-2\/","url":"https:\/\/proeuropa.ro\/v2\/protest-armagedon-2\/","name":"Protest Armagedon 2 - Liga Pro Europa","isPartOf":{"@id":"https:\/\/proeuropa.ro\/v2\/#website"},"datePublished":"2024-04-12T12:44:53+00:00","dateModified":"2024-04-12T12:46:04+00:00","breadcrumb":{"@id":"https:\/\/proeuropa.ro\/v2\/protest-armagedon-2\/#breadcrumb"},"inLanguage":"en-US","potentialAction":[{"@type":"ReadAction","target":["https:\/\/proeuropa.ro\/v2\/protest-armagedon-2\/"]}]},{"@type":"BreadcrumbList","@id":"https:\/\/proeuropa.ro\/v2\/protest-armagedon-2\/#breadcrumb","itemListElement":[{"@type":"ListItem","position":1,"name":"Prima pagin\u0103","item":"https:\/\/proeuropa.ro\/v2\/"},{"@type":"ListItem","position":2,"name":"Protest Armagedon 2"}]},{"@type":"WebSite","@id":"https:\/\/proeuropa.ro\/v2\/#website","url":"https:\/\/proeuropa.ro\/v2\/","name":"Liga Pro Europa","description":"","potentialAction":[{"@type":"SearchAction","target":{"@type":"EntryPoint","urlTemplate":"https:\/\/proeuropa.ro\/v2\/?s={search_term_string}"},"query-input":{"@type":"PropertyValueSpecification","valueRequired":true,"valueName":"search_term_string"}}],"inLanguage":"en-US"}]}},"_links":{"self":[{"href":"https:\/\/proeuropa.ro\/v2\/wp-json\/wp\/v2\/pages\/3409","targetHints":{"allow":["GET"]}}],"collection":[{"href":"https:\/\/proeuropa.ro\/v2\/wp-json\/wp\/v2\/pages"}],"about":[{"href":"https:\/\/proeuropa.ro\/v2\/wp-json\/wp\/v2\/types\/page"}],"author":[{"embeddable":true,"href":"https:\/\/proeuropa.ro\/v2\/wp-json\/wp\/v2\/users\/2"}],"replies":[{"embeddable":true,"href":"https:\/\/proeuropa.ro\/v2\/wp-json\/wp\/v2\/comments?post=3409"}],"version-history":[{"count":4,"href":"https:\/\/proeuropa.ro\/v2\/wp-json\/wp\/v2\/pages\/3409\/revisions"}],"predecessor-version":[{"id":3413,"href":"https:\/\/proeuropa.ro\/v2\/wp-json\/wp\/v2\/pages\/3409\/revisions\/3413"}],"wp:attachment":[{"href":"https:\/\/proeuropa.ro\/v2\/wp-json\/wp\/v2\/media?parent=3409"}],"curies":[{"name":"wp","href":"https:\/\/api.w.org\/{rel}","templated":true}]}}