{"id":3185,"date":"2024-04-09T10:19:39","date_gmt":"2024-04-09T10:19:39","guid":{"rendered":"https:\/\/proeuropa.ro\/v2\/?page_id=3185"},"modified":"2024-04-09T10:48:54","modified_gmt":"2024-04-09T10:48:54","slug":"declaratia-ligii-din-16-octombrie-2002","status":"publish","type":"page","link":"https:\/\/proeuropa.ro\/v2\/declaratia-ligii-din-16-octombrie-2002\/","title":{"rendered":"Declara\u021bia Ligii din 16 octombrie 2002"},"content":{"rendered":"\t\t<div data-elementor-type=\"wp-page\" data-elementor-id=\"3185\" class=\"elementor elementor-3185\">\n\t\t\t\t<div class=\"elementor-element elementor-element-38ab9c24 e-flex e-con-boxed e-con e-parent\" data-id=\"38ab9c24\" data-element_type=\"container\" data-e-type=\"container\">\n\t\t\t\t\t<div class=\"e-con-inner\">\n\t\t\t\t<div class=\"elementor-element elementor-element-dac805d elementor-widget elementor-widget-text-editor\" data-id=\"dac805d\" data-element_type=\"widget\" data-e-type=\"widget\" data-widget_type=\"text-editor.default\">\n\t\t\t\t<div class=\"elementor-widget-container\">\n\t\t\t\t\t\t\t\t\t<h2 class=\"western\" align=\"left\">Declara\u021bia Ligii din 16 octombrie 2002<\/h2><p align=\"left\"><span style=\"font-size: medium;\">DECLARA\u0162IA LIGII PRO EUROPA<br \/>cu privire la recentele manifest\u0103ri de antisemitism de la Bucure\u015fti \u015fi Cluj<br \/><br \/><\/span>\u00a0\u00a0\u00a0 Liga Pro Europa a luat cuno\u015ftin\u0163\u0103 cu indignare \u015fi \u00eengrijorare despre recentele manifest\u0103ri antisemite de la Bucure\u015fti \u015fi Cluj, unde pe fa\u0163ada Teatrului Evreiesc \u015fi a mai multor imobile au ap\u0103rut sloganuri naziste de o virulen\u0163\u0103 extrem\u0103.<br \/><br \/>\u00a0\u00a0\u00a0 Liga Pro Europa a semnalat \u00een nenum\u0103rate r\u00eenduri existen\u0163a \u00een Rom\u00e2nia a unor grup\u0103ri antisemite, extremiste, \u015fovine \u015fi rasiste tolerate de organele statului, \u00een ciuda existen\u0163ei unei legisla\u0163ii na\u0163ionale suficient de elaborate pentru a pedepsi incitarea la ur\u0103 \u015fi intoleran\u0163\u0103 (Constitu\u0163ia Rom\u00e2niei, Ordonan\u0163a de urgen\u0163\u0103 nr. 31 din 13.03.2002). Am cerut expres, prin adrese oficiale, anchetarea unor mi\u015fc\u0103ri fasciste ca Mi\u015fcarea Legionar\u0103 \u015fi Noua Dreapt\u0103. S\u00eentem consterna\u0163i de lipsa de receptivitate a organelor statului abilitate s\u0103 \u0163in\u0103 sub control aceste atentate la ordinea democratic\u0103.<br \/><br \/>\u00a0\u00a0\u00a0 \u00cen acela\u015fi context, cultul mare\u015falului Ion Antonescu \u00een spa\u0163iile publice, inclusiv \u00een incinte apar\u0163in\u00eend armatei, p\u00eeng\u0103rirea cimitirelor evreie\u015fti sau amplasarea \u00een imediata lor vecin\u0103tate a unor parcuri de distrac\u0163ii, r\u0103m\u00een nepedepsite de\u015fi contravin at\u00eet angajamentelor interna\u0163ionale, c\u00eet \u015fi legisla\u0163iei rom\u00e2ne, perpetuarea lor fiind dovada superficialit\u0103\u0163ii \u015fi indiferen\u0163ei cu care autorit\u0103\u0163ile trateaz\u0103 amenin\u0163\u0103rile la adresa democra\u0163iei.<br \/>\u00a0\u00a0\u00a0 Reprezentan\u0163ii partidului extremist \u015fi antisemit Rom\u00e2nia Mare continu\u0103 s\u0103 ocupe func\u0163ii \u015fi demnit\u0103\u0163i publice, chiar \u015fi atunci c\u00eend \u00eencalc\u00ee flagrant Constitu\u0163ia, principiile bunelor rela\u0163ii dintre state \u015fi ale stabilit\u0103\u0163ii democratice.<br \/><br \/>\u00a0\u00a0\u00a0 Ne \u00eengrijoreaz\u0103 \u015fi antisemitismul, rasismul difuz care \u00ee\u015fi face loc \u00een societate. At\u00eet presa scris\u0103, c\u00eet \u015fi cea audiovizual\u0103, chiar unii reprezentan\u0163i ai autorit\u0103\u0163ilor trimit mesaje echivoce, legitim\u00eend discursului public antisemit, rasist \u015fi intolerant. Sistemul de \u00eenv\u0103\u0163\u0103m\u00eent nu acord\u0103 aten\u0163ia necesar\u0103 educa\u0163iei civice \u015fi interculturale.<br \/><br \/>\u00a0\u00a0\u00a0 Gravul incident de la Teatrul Evreiesc din Bucure\u015fti, urmat imediat de incidentele de la Cluj, dovedesc c\u0103 ne g\u0103sim \u00een fa\u0163a unei campanii antisemite de o virulen\u0163\u0103 f\u0103r\u0103 precedent. Aceste incidente constituie un ultim avertisment pentru autorit\u0103\u0163i s\u0103 ia \u00een serios \u015fi s\u0103 aplice legile de combatere a extremismului \u00een toate formele sale, \u00eentreprinz\u00eend m\u0103surile necesare pentru ca institu\u0163iile \u00eenfiin\u0163ate \u00een acest scop s\u0103 func\u0163ioneze \u00een mod real.<br \/>\u00a0\u00a0\u00a0 Dezavu\u0103m atitudinea demnitarilor care practic\u0103 strategia duplicit\u0103\u0163ii, av\u00eend dou\u0103 discursuri paralele, unul bun pentru export, altul pentru uz intern, tolerant cu intoleran\u0163a.<br \/><br \/>\u00a0\u00a0\u00a0 Facem apel la societatea civil\u0103 \u015fi la liderii de opinie s\u0103 se implice \u00een ap\u0103rarea valorilor democra\u0163iei pluraliste \u015fi s\u0103 se pronun\u0163e ferm \u00eempotriva manifest\u0103rilor antisemite.<br \/><br \/>\u00a0\u00a0\u00a0 Cerem identificarea \u015fi pedepsirea celor care s-au f\u0103cut vinova\u0163i de gravele acte de antisemitism de la Bucure\u015fti \u015fi Cluj.<\/p><p align=\"left\"><br \/>\u00a0\u00a0\u00a0 \u00cen numele Consiliului Ligii Pro Europa,<br \/>\u00a0\u00a0\u00a0 Smaranda Enache<br \/>\u00a0\u00a0\u00a0 Copre\u015fedint\u0103<br \/><br \/>\u00a0\u00a0\u00a0 T\u00e2rgu-Mure\u015f, la 16 octombrie 2002<\/p><p>\u00a0<\/p>\t\t\t\t\t\t\t\t<\/div>\n\t\t\t\t<\/div>\n\t\t\t\t\t<\/div>\n\t\t\t\t<\/div>\n\t\t\t\t<\/div>\n\t\t","protected":false},"excerpt":{"rendered":"<p>Declara\u021bia Ligii din 16 octombrie 2002 DECLARA\u0162IA LIGII PRO EUROPAcu privire la recentele manifest\u0103ri de antisemitism de la Bucure\u015fti \u015fi Cluj \u00a0\u00a0\u00a0 Liga Pro Europa a luat cuno\u015ftin\u0163\u0103 cu indignare \u015fi \u00eengrijorare despre recentele manifest\u0103ri antisemite de la Bucure\u015fti \u015fi Cluj, unde pe fa\u0163ada Teatrului Evreiesc \u015fi a mai multor imobile au ap\u0103rut sloganuri naziste [&hellip;]<\/p>\n","protected":false},"author":2,"featured_media":0,"parent":0,"menu_order":0,"comment_status":"closed","ping_status":"closed","template":"prysm-elementor-full-width.php","meta":{"footnotes":""},"class_list":["post-3185","page","type-page","status-publish","hentry"],"yoast_head":"<!-- This site is optimized with the Yoast SEO plugin v27.4 - https:\/\/yoast.com\/product\/yoast-seo-wordpress\/ -->\n<title>Declara\u021bia Ligii din 16 octombrie 2002 - Liga Pro Europa<\/title>\n<meta name=\"robots\" content=\"index, follow, max-snippet:-1, max-image-preview:large, max-video-preview:-1\" \/>\n<link rel=\"canonical\" href=\"https:\/\/proeuropa.ro\/v2\/declaratia-ligii-din-16-octombrie-2002\/\" \/>\n<meta property=\"og:locale\" content=\"en_US\" \/>\n<meta property=\"og:type\" content=\"article\" \/>\n<meta property=\"og:title\" content=\"Declara\u021bia Ligii din 16 octombrie 2002 - Liga Pro Europa\" \/>\n<meta property=\"og:description\" content=\"Declara\u021bia Ligii din 16 octombrie 2002 DECLARA\u0162IA LIGII PRO EUROPAcu privire la recentele manifest\u0103ri de antisemitism de la Bucure\u015fti \u015fi Cluj \u00a0\u00a0\u00a0 Liga Pro Europa a luat cuno\u015ftin\u0163\u0103 cu indignare \u015fi \u00eengrijorare despre recentele manifest\u0103ri antisemite de la Bucure\u015fti \u015fi Cluj, unde pe fa\u0163ada Teatrului Evreiesc \u015fi a mai multor imobile au ap\u0103rut sloganuri naziste [&hellip;]\" \/>\n<meta property=\"og:url\" content=\"https:\/\/proeuropa.ro\/v2\/declaratia-ligii-din-16-octombrie-2002\/\" \/>\n<meta property=\"og:site_name\" content=\"Liga Pro Europa\" \/>\n<meta property=\"article:modified_time\" content=\"2024-04-09T10:48:54+00:00\" \/>\n<meta name=\"twitter:card\" content=\"summary_large_image\" \/>\n<meta name=\"twitter:label1\" content=\"Est. reading time\" \/>\n\t<meta name=\"twitter:data1\" content=\"2 minutes\" \/>\n<script type=\"application\/ld+json\" class=\"yoast-schema-graph\">{\"@context\":\"https:\\\/\\\/schema.org\",\"@graph\":[{\"@type\":\"WebPage\",\"@id\":\"https:\\\/\\\/proeuropa.ro\\\/v2\\\/declaratia-ligii-din-16-octombrie-2002\\\/\",\"url\":\"https:\\\/\\\/proeuropa.ro\\\/v2\\\/declaratia-ligii-din-16-octombrie-2002\\\/\",\"name\":\"Declara\u021bia Ligii din 16 octombrie 2002 - Liga Pro Europa\",\"isPartOf\":{\"@id\":\"https:\\\/\\\/proeuropa.ro\\\/v2\\\/#website\"},\"datePublished\":\"2024-04-09T10:19:39+00:00\",\"dateModified\":\"2024-04-09T10:48:54+00:00\",\"breadcrumb\":{\"@id\":\"https:\\\/\\\/proeuropa.ro\\\/v2\\\/declaratia-ligii-din-16-octombrie-2002\\\/#breadcrumb\"},\"inLanguage\":\"en-US\",\"potentialAction\":[{\"@type\":\"ReadAction\",\"target\":[\"https:\\\/\\\/proeuropa.ro\\\/v2\\\/declaratia-ligii-din-16-octombrie-2002\\\/\"]}]},{\"@type\":\"BreadcrumbList\",\"@id\":\"https:\\\/\\\/proeuropa.ro\\\/v2\\\/declaratia-ligii-din-16-octombrie-2002\\\/#breadcrumb\",\"itemListElement\":[{\"@type\":\"ListItem\",\"position\":1,\"name\":\"Prima pagin\u0103\",\"item\":\"https:\\\/\\\/proeuropa.ro\\\/v2\\\/\"},{\"@type\":\"ListItem\",\"position\":2,\"name\":\"Declara\u021bia Ligii din 16 octombrie 2002\"}]},{\"@type\":\"WebSite\",\"@id\":\"https:\\\/\\\/proeuropa.ro\\\/v2\\\/#website\",\"url\":\"https:\\\/\\\/proeuropa.ro\\\/v2\\\/\",\"name\":\"Liga Pro Europa\",\"description\":\"\",\"potentialAction\":[{\"@type\":\"SearchAction\",\"target\":{\"@type\":\"EntryPoint\",\"urlTemplate\":\"https:\\\/\\\/proeuropa.ro\\\/v2\\\/?s={search_term_string}\"},\"query-input\":{\"@type\":\"PropertyValueSpecification\",\"valueRequired\":true,\"valueName\":\"search_term_string\"}}],\"inLanguage\":\"en-US\"}]}<\/script>\n<!-- \/ Yoast SEO plugin. -->","yoast_head_json":{"title":"Declara\u021bia Ligii din 16 octombrie 2002 - Liga Pro Europa","robots":{"index":"index","follow":"follow","max-snippet":"max-snippet:-1","max-image-preview":"max-image-preview:large","max-video-preview":"max-video-preview:-1"},"canonical":"https:\/\/proeuropa.ro\/v2\/declaratia-ligii-din-16-octombrie-2002\/","og_locale":"en_US","og_type":"article","og_title":"Declara\u021bia Ligii din 16 octombrie 2002 - Liga Pro Europa","og_description":"Declara\u021bia Ligii din 16 octombrie 2002 DECLARA\u0162IA LIGII PRO EUROPAcu privire la recentele manifest\u0103ri de antisemitism de la Bucure\u015fti \u015fi Cluj \u00a0\u00a0\u00a0 Liga Pro Europa a luat cuno\u015ftin\u0163\u0103 cu indignare \u015fi \u00eengrijorare despre recentele manifest\u0103ri antisemite de la Bucure\u015fti \u015fi Cluj, unde pe fa\u0163ada Teatrului Evreiesc \u015fi a mai multor imobile au ap\u0103rut sloganuri naziste [&hellip;]","og_url":"https:\/\/proeuropa.ro\/v2\/declaratia-ligii-din-16-octombrie-2002\/","og_site_name":"Liga Pro Europa","article_modified_time":"2024-04-09T10:48:54+00:00","twitter_card":"summary_large_image","twitter_misc":{"Est. reading time":"2 minutes"},"schema":{"@context":"https:\/\/schema.org","@graph":[{"@type":"WebPage","@id":"https:\/\/proeuropa.ro\/v2\/declaratia-ligii-din-16-octombrie-2002\/","url":"https:\/\/proeuropa.ro\/v2\/declaratia-ligii-din-16-octombrie-2002\/","name":"Declara\u021bia Ligii din 16 octombrie 2002 - Liga Pro Europa","isPartOf":{"@id":"https:\/\/proeuropa.ro\/v2\/#website"},"datePublished":"2024-04-09T10:19:39+00:00","dateModified":"2024-04-09T10:48:54+00:00","breadcrumb":{"@id":"https:\/\/proeuropa.ro\/v2\/declaratia-ligii-din-16-octombrie-2002\/#breadcrumb"},"inLanguage":"en-US","potentialAction":[{"@type":"ReadAction","target":["https:\/\/proeuropa.ro\/v2\/declaratia-ligii-din-16-octombrie-2002\/"]}]},{"@type":"BreadcrumbList","@id":"https:\/\/proeuropa.ro\/v2\/declaratia-ligii-din-16-octombrie-2002\/#breadcrumb","itemListElement":[{"@type":"ListItem","position":1,"name":"Prima pagin\u0103","item":"https:\/\/proeuropa.ro\/v2\/"},{"@type":"ListItem","position":2,"name":"Declara\u021bia Ligii din 16 octombrie 2002"}]},{"@type":"WebSite","@id":"https:\/\/proeuropa.ro\/v2\/#website","url":"https:\/\/proeuropa.ro\/v2\/","name":"Liga Pro Europa","description":"","potentialAction":[{"@type":"SearchAction","target":{"@type":"EntryPoint","urlTemplate":"https:\/\/proeuropa.ro\/v2\/?s={search_term_string}"},"query-input":{"@type":"PropertyValueSpecification","valueRequired":true,"valueName":"search_term_string"}}],"inLanguage":"en-US"}]}},"_links":{"self":[{"href":"https:\/\/proeuropa.ro\/v2\/wp-json\/wp\/v2\/pages\/3185","targetHints":{"allow":["GET"]}}],"collection":[{"href":"https:\/\/proeuropa.ro\/v2\/wp-json\/wp\/v2\/pages"}],"about":[{"href":"https:\/\/proeuropa.ro\/v2\/wp-json\/wp\/v2\/types\/page"}],"author":[{"embeddable":true,"href":"https:\/\/proeuropa.ro\/v2\/wp-json\/wp\/v2\/users\/2"}],"replies":[{"embeddable":true,"href":"https:\/\/proeuropa.ro\/v2\/wp-json\/wp\/v2\/comments?post=3185"}],"version-history":[{"count":4,"href":"https:\/\/proeuropa.ro\/v2\/wp-json\/wp\/v2\/pages\/3185\/revisions"}],"predecessor-version":[{"id":3189,"href":"https:\/\/proeuropa.ro\/v2\/wp-json\/wp\/v2\/pages\/3185\/revisions\/3189"}],"wp:attachment":[{"href":"https:\/\/proeuropa.ro\/v2\/wp-json\/wp\/v2\/media?parent=3185"}],"curies":[{"name":"wp","href":"https:\/\/api.w.org\/{rel}","templated":true}]}}