{"id":2558,"date":"2024-04-03T13:30:31","date_gmt":"2024-04-03T13:30:31","guid":{"rendered":"https:\/\/proeuropa.ro\/v2\/?page_id=2558"},"modified":"2024-04-03T13:33:59","modified_gmt":"2024-04-03T13:33:59","slug":"comunicat-de-presa-din-11-martie-2011","status":"publish","type":"page","link":"https:\/\/proeuropa.ro\/v2\/comunicat-de-presa-din-11-martie-2011\/","title":{"rendered":"Comunicat de pres\u0103 din 11 martie 2011"},"content":{"rendered":"\t\t<div data-elementor-type=\"wp-page\" data-elementor-id=\"2558\" class=\"elementor elementor-2558\">\n\t\t\t\t<div class=\"elementor-element elementor-element-38ab9c24 e-flex e-con-boxed e-con e-parent\" data-id=\"38ab9c24\" data-element_type=\"container\" data-e-type=\"container\">\n\t\t\t\t\t<div class=\"e-con-inner\">\n\t\t\t\t<div class=\"elementor-element elementor-element-dac805d elementor-widget elementor-widget-text-editor\" data-id=\"dac805d\" data-element_type=\"widget\" data-e-type=\"widget\" data-widget_type=\"text-editor.default\">\n\t\t\t\t<div class=\"elementor-widget-container\">\n\t\t\t\t\t\t\t\t\t<h2 class=\"western\" align=\"justify\"><span style=\"font-family: Arial, sans-serif;\">Comunicat de pres\u0103 din 11 martie 2011<br \/><\/span><\/h2><p class=\"western\"><span style=\"font-family: Liberation Serif, serif;\"><span lang=\"ro-RO\">Liga Pro Europa salut\u0103 decizia Bisericii Romano-Catolice din T\u00eergu-Mure\u015f de a retrage Partidului Jobbik din Ungaria permisiunea de a-\u015fi \u0163ine Forumul Civic prev\u0103zut pentru 11 martie a.c. \u00een Sala Deus Providebit.<\/span><\/span><\/p><p class=\"western\" align=\"justify\"><span style=\"font-family: Liberation Serif, serif;\"><span lang=\"ro-RO\">Liga Pro Europa \u00ee\u015fi exprim\u0103 speran\u0163a c\u0103 exemplul Bisericii Romano-Catolice va fi urmat \u015fi de celelalte culte, astfel \u00eenc\u00eet partidele \u015fi grup\u0103rile extremiste, precum Jobbik sau Noua Dreapt\u0103, care propov\u0103duiesc ura \u015fi dezbinarea, contravenind prin aceasta nu numai drepturilor omului, ci \u015fi valorilor cre\u015ftine de toleran\u0163\u0103 \u015fi iubire a aproapelui, s\u0103 nu fie legitimate de sus\u0163inerea cultelor religioase. <\/span><\/span><\/p><p class=\"western\"><span style=\"font-family: Liberation Serif, serif;\"><span lang=\"ro-RO\">T\u00eergu-Mure\u015f, la 11 martie 2011<\/span><\/span><\/p><p class=\"western\" lang=\"ro-RO\"><span style=\"font-family: Liberation Serif, serif;\">Smaranda Enache<br \/><\/span><span style=\"font-family: Liberation Serif, serif;\"><span lang=\"ro-RO\">Copre\u015fedint\u0103<\/span><\/span><\/p><p>\u00a0<\/p>\t\t\t\t\t\t\t\t<\/div>\n\t\t\t\t<\/div>\n\t\t\t\t\t<\/div>\n\t\t\t\t<\/div>\n\t\t\t\t<\/div>\n\t\t","protected":false},"excerpt":{"rendered":"<p>Comunicat de pres\u0103 din 11 martie 2011 Liga Pro Europa salut\u0103 decizia Bisericii Romano-Catolice din T\u00eergu-Mure\u015f de a retrage Partidului Jobbik din Ungaria permisiunea de a-\u015fi \u0163ine Forumul Civic prev\u0103zut pentru 11 martie a.c. \u00een Sala Deus Providebit. Liga Pro Europa \u00ee\u015fi exprim\u0103 speran\u0163a c\u0103 exemplul Bisericii Romano-Catolice va fi urmat \u015fi de celelalte culte, [&hellip;]<\/p>\n","protected":false},"author":2,"featured_media":0,"parent":0,"menu_order":0,"comment_status":"closed","ping_status":"closed","template":"prysm-elementor-full-width.php","meta":{"footnotes":""},"class_list":["post-2558","page","type-page","status-publish","hentry"],"yoast_head":"<!-- This site is optimized with the Yoast SEO plugin v27.4 - https:\/\/yoast.com\/product\/yoast-seo-wordpress\/ -->\n<title>Comunicat de pres\u0103 din 11 martie 2011 - Liga Pro Europa<\/title>\n<meta name=\"robots\" content=\"index, follow, max-snippet:-1, max-image-preview:large, max-video-preview:-1\" \/>\n<link rel=\"canonical\" href=\"https:\/\/proeuropa.ro\/v2\/comunicat-de-presa-din-11-martie-2011\/\" \/>\n<meta property=\"og:locale\" content=\"en_US\" \/>\n<meta property=\"og:type\" content=\"article\" \/>\n<meta property=\"og:title\" content=\"Comunicat de pres\u0103 din 11 martie 2011 - Liga Pro Europa\" \/>\n<meta property=\"og:description\" content=\"Comunicat de pres\u0103 din 11 martie 2011 Liga Pro Europa salut\u0103 decizia Bisericii Romano-Catolice din T\u00eergu-Mure\u015f de a retrage Partidului Jobbik din Ungaria permisiunea de a-\u015fi \u0163ine Forumul Civic prev\u0103zut pentru 11 martie a.c. \u00een Sala Deus Providebit. Liga Pro Europa \u00ee\u015fi exprim\u0103 speran\u0163a c\u0103 exemplul Bisericii Romano-Catolice va fi urmat \u015fi de celelalte culte, [&hellip;]\" \/>\n<meta property=\"og:url\" content=\"https:\/\/proeuropa.ro\/v2\/comunicat-de-presa-din-11-martie-2011\/\" \/>\n<meta property=\"og:site_name\" content=\"Liga Pro Europa\" \/>\n<meta property=\"article:modified_time\" content=\"2024-04-03T13:33:59+00:00\" \/>\n<meta name=\"twitter:card\" content=\"summary_large_image\" \/>\n<meta name=\"twitter:label1\" content=\"Est. reading time\" \/>\n\t<meta name=\"twitter:data1\" content=\"1 minute\" \/>\n<script type=\"application\/ld+json\" class=\"yoast-schema-graph\">{\"@context\":\"https:\\\/\\\/schema.org\",\"@graph\":[{\"@type\":\"WebPage\",\"@id\":\"https:\\\/\\\/proeuropa.ro\\\/v2\\\/comunicat-de-presa-din-11-martie-2011\\\/\",\"url\":\"https:\\\/\\\/proeuropa.ro\\\/v2\\\/comunicat-de-presa-din-11-martie-2011\\\/\",\"name\":\"Comunicat de pres\u0103 din 11 martie 2011 - Liga Pro Europa\",\"isPartOf\":{\"@id\":\"https:\\\/\\\/proeuropa.ro\\\/v2\\\/#website\"},\"datePublished\":\"2024-04-03T13:30:31+00:00\",\"dateModified\":\"2024-04-03T13:33:59+00:00\",\"breadcrumb\":{\"@id\":\"https:\\\/\\\/proeuropa.ro\\\/v2\\\/comunicat-de-presa-din-11-martie-2011\\\/#breadcrumb\"},\"inLanguage\":\"en-US\",\"potentialAction\":[{\"@type\":\"ReadAction\",\"target\":[\"https:\\\/\\\/proeuropa.ro\\\/v2\\\/comunicat-de-presa-din-11-martie-2011\\\/\"]}]},{\"@type\":\"BreadcrumbList\",\"@id\":\"https:\\\/\\\/proeuropa.ro\\\/v2\\\/comunicat-de-presa-din-11-martie-2011\\\/#breadcrumb\",\"itemListElement\":[{\"@type\":\"ListItem\",\"position\":1,\"name\":\"Prima pagin\u0103\",\"item\":\"https:\\\/\\\/proeuropa.ro\\\/v2\\\/\"},{\"@type\":\"ListItem\",\"position\":2,\"name\":\"Comunicat de pres\u0103 din 11 martie 2011\"}]},{\"@type\":\"WebSite\",\"@id\":\"https:\\\/\\\/proeuropa.ro\\\/v2\\\/#website\",\"url\":\"https:\\\/\\\/proeuropa.ro\\\/v2\\\/\",\"name\":\"Liga Pro Europa\",\"description\":\"\",\"potentialAction\":[{\"@type\":\"SearchAction\",\"target\":{\"@type\":\"EntryPoint\",\"urlTemplate\":\"https:\\\/\\\/proeuropa.ro\\\/v2\\\/?s={search_term_string}\"},\"query-input\":{\"@type\":\"PropertyValueSpecification\",\"valueRequired\":true,\"valueName\":\"search_term_string\"}}],\"inLanguage\":\"en-US\"}]}<\/script>\n<!-- \/ Yoast SEO plugin. -->","yoast_head_json":{"title":"Comunicat de pres\u0103 din 11 martie 2011 - Liga Pro Europa","robots":{"index":"index","follow":"follow","max-snippet":"max-snippet:-1","max-image-preview":"max-image-preview:large","max-video-preview":"max-video-preview:-1"},"canonical":"https:\/\/proeuropa.ro\/v2\/comunicat-de-presa-din-11-martie-2011\/","og_locale":"en_US","og_type":"article","og_title":"Comunicat de pres\u0103 din 11 martie 2011 - Liga Pro Europa","og_description":"Comunicat de pres\u0103 din 11 martie 2011 Liga Pro Europa salut\u0103 decizia Bisericii Romano-Catolice din T\u00eergu-Mure\u015f de a retrage Partidului Jobbik din Ungaria permisiunea de a-\u015fi \u0163ine Forumul Civic prev\u0103zut pentru 11 martie a.c. \u00een Sala Deus Providebit. Liga Pro Europa \u00ee\u015fi exprim\u0103 speran\u0163a c\u0103 exemplul Bisericii Romano-Catolice va fi urmat \u015fi de celelalte culte, [&hellip;]","og_url":"https:\/\/proeuropa.ro\/v2\/comunicat-de-presa-din-11-martie-2011\/","og_site_name":"Liga Pro Europa","article_modified_time":"2024-04-03T13:33:59+00:00","twitter_card":"summary_large_image","twitter_misc":{"Est. reading time":"1 minute"},"schema":{"@context":"https:\/\/schema.org","@graph":[{"@type":"WebPage","@id":"https:\/\/proeuropa.ro\/v2\/comunicat-de-presa-din-11-martie-2011\/","url":"https:\/\/proeuropa.ro\/v2\/comunicat-de-presa-din-11-martie-2011\/","name":"Comunicat de pres\u0103 din 11 martie 2011 - Liga Pro Europa","isPartOf":{"@id":"https:\/\/proeuropa.ro\/v2\/#website"},"datePublished":"2024-04-03T13:30:31+00:00","dateModified":"2024-04-03T13:33:59+00:00","breadcrumb":{"@id":"https:\/\/proeuropa.ro\/v2\/comunicat-de-presa-din-11-martie-2011\/#breadcrumb"},"inLanguage":"en-US","potentialAction":[{"@type":"ReadAction","target":["https:\/\/proeuropa.ro\/v2\/comunicat-de-presa-din-11-martie-2011\/"]}]},{"@type":"BreadcrumbList","@id":"https:\/\/proeuropa.ro\/v2\/comunicat-de-presa-din-11-martie-2011\/#breadcrumb","itemListElement":[{"@type":"ListItem","position":1,"name":"Prima pagin\u0103","item":"https:\/\/proeuropa.ro\/v2\/"},{"@type":"ListItem","position":2,"name":"Comunicat de pres\u0103 din 11 martie 2011"}]},{"@type":"WebSite","@id":"https:\/\/proeuropa.ro\/v2\/#website","url":"https:\/\/proeuropa.ro\/v2\/","name":"Liga Pro Europa","description":"","potentialAction":[{"@type":"SearchAction","target":{"@type":"EntryPoint","urlTemplate":"https:\/\/proeuropa.ro\/v2\/?s={search_term_string}"},"query-input":{"@type":"PropertyValueSpecification","valueRequired":true,"valueName":"search_term_string"}}],"inLanguage":"en-US"}]}},"_links":{"self":[{"href":"https:\/\/proeuropa.ro\/v2\/wp-json\/wp\/v2\/pages\/2558","targetHints":{"allow":["GET"]}}],"collection":[{"href":"https:\/\/proeuropa.ro\/v2\/wp-json\/wp\/v2\/pages"}],"about":[{"href":"https:\/\/proeuropa.ro\/v2\/wp-json\/wp\/v2\/types\/page"}],"author":[{"embeddable":true,"href":"https:\/\/proeuropa.ro\/v2\/wp-json\/wp\/v2\/users\/2"}],"replies":[{"embeddable":true,"href":"https:\/\/proeuropa.ro\/v2\/wp-json\/wp\/v2\/comments?post=2558"}],"version-history":[{"count":4,"href":"https:\/\/proeuropa.ro\/v2\/wp-json\/wp\/v2\/pages\/2558\/revisions"}],"predecessor-version":[{"id":2563,"href":"https:\/\/proeuropa.ro\/v2\/wp-json\/wp\/v2\/pages\/2558\/revisions\/2563"}],"wp:attachment":[{"href":"https:\/\/proeuropa.ro\/v2\/wp-json\/wp\/v2\/media?parent=2558"}],"curies":[{"name":"wp","href":"https:\/\/api.w.org\/{rel}","templated":true}]}}