{"id":2471,"date":"2024-04-03T05:31:39","date_gmt":"2024-04-03T05:31:39","guid":{"rendered":"https:\/\/proeuropa.ro\/v2\/?page_id=2471"},"modified":"2024-04-03T05:33:20","modified_gmt":"2024-04-03T05:33:20","slug":"comunicat-de-presa-din-23-iunie-2011","status":"publish","type":"page","link":"https:\/\/proeuropa.ro\/v2\/comunicat-de-presa-din-23-iunie-2011\/","title":{"rendered":"Comunicat de pres\u0103 din 23 iunie 2011"},"content":{"rendered":"\t\t<div data-elementor-type=\"wp-page\" data-elementor-id=\"2471\" class=\"elementor elementor-2471\">\n\t\t\t\t<div class=\"elementor-element elementor-element-38ab9c24 e-flex e-con-boxed e-con e-parent\" data-id=\"38ab9c24\" data-element_type=\"container\" data-e-type=\"container\">\n\t\t\t\t\t<div class=\"e-con-inner\">\n\t\t\t\t<div class=\"elementor-element elementor-element-dac805d elementor-widget elementor-widget-text-editor\" data-id=\"dac805d\" data-element_type=\"widget\" data-e-type=\"widget\" data-widget_type=\"text-editor.default\">\n\t\t\t\t<div class=\"elementor-widget-container\">\n\t\t\t\t\t\t\t\t\t<h2 class=\"western\" align=\"justify\"><span style=\"font-family: Arial, sans-serif;\">Comunicat de pres\u0103 din 23 iunie 2011<br \/><\/span><\/h2><p><span style=\"font-family: sans-serif;\">COMUNICAT DE PRES\u0102<br \/><\/span><br \/><span style=\"font-family: sans-serif;\">Liga Pro Europa a urm\u0103rit cu consternare \u015fi indignare profund\u0103 afirma\u0163iile def\u0103im\u0103toare ale Pre\u015fedintelui Traian B\u0103sescu la adresa M.S. Regele Mihai.<\/span><br \/><span style=\"font-family: sans-serif;\">Pre\u015fedintele ne-a m\u00eehnit \u015fi ne-a umilit pe noi to\u0163i printr-o penibil\u0103 ignorare a istoriei <\/span><span style=\"font-family: sans-serif;\">Rom\u00e2niei,<\/span> <span style=\"font-family: sans-serif;\">prin<\/span> <span style=\"font-family: sans-serif;\">prejudiciul<\/span> <span style=\"font-family: sans-serif;\">adus<\/span> <span style=\"font-family: sans-serif;\">prestan\u0163ei<\/span> <span style=\"font-family: sans-serif;\">institu\u0163iei<\/span> <span style=\"font-family: sans-serif;\">Pre\u015fedin\u0163iei<\/span> <span style=\"font-family: sans-serif;\">Rom\u00e2niei<\/span> <span style=\"font-family: sans-serif;\">\u015fi<\/span> <span style=\"font-family: sans-serif;\">prin<\/span> <span style=\"font-family: sans-serif;\">erodarea credibilit\u0103\u0163ii op\u0163iunii democratice a Rom\u00e2niei, \u00een fa\u0163a alia\u0163ilor s\u0103i.<\/span><br \/><span style=\"font-family: sans-serif;\">A\u015ftept\u0103m ca Pre\u015fedintele Traian B\u0103sescu s\u0103 prezinte Regelui Mihai scuzele sale publice \u015fi s\u0103 aduc\u0103 \u00eendrept\u0103rile necesare.<\/span><br \/><br \/><\/p><p align=\"right\"><span style=\"font-family: sans-serif;\">Smaranda Enache<\/span><br \/><span style=\"font-family: sans-serif;\">Co-Pre\u015fedint\u0103<\/span><br \/><span style=\"font-family: sans-serif;\">Fost Ambasador al Rom\u00e2niei<\/span> <span style=\"font-family: sans-serif;\">\u00een Republica Finlanda<\/span><\/p><p align=\"left\"><br \/><span style=\"font-family: sans-serif;\">Tg-Mure\u015f, la 23 iunie 2011<\/span><br \/><span style=\"font-family: sans-serif;\">LIGA PRO EUROPA<\/span><br \/><span style=\"font-family: sans-serif;\">540049 T\u00e2rgu Mure\u015f, Rom\u00e2nia, Pia\u0163a Trandafirilor nr. 5, Etaj III, CP 1-154<\/span><br \/><span style=\"font-family: sans-serif;\">Tel:+40-(0)265-250.182,+40-(0)365-401823, +40-(0)745-507166 Fax:+40-(0)265-250.183<\/span><br \/><span style=\"font-family: sans-serif;\">Email: office@proeuropa.ro<\/span><\/p><p>\u00a0<\/p>\t\t\t\t\t\t\t\t<\/div>\n\t\t\t\t<\/div>\n\t\t\t\t\t<\/div>\n\t\t\t\t<\/div>\n\t\t\t\t<\/div>\n\t\t","protected":false},"excerpt":{"rendered":"<p>Comunicat de pres\u0103 din 23 iunie 2011 COMUNICAT DE PRES\u0102 Liga Pro Europa a urm\u0103rit cu consternare \u015fi indignare profund\u0103 afirma\u0163iile def\u0103im\u0103toare ale Pre\u015fedintelui Traian B\u0103sescu la adresa M.S. Regele Mihai.Pre\u015fedintele ne-a m\u00eehnit \u015fi ne-a umilit pe noi to\u0163i printr-o penibil\u0103 ignorare a istoriei Rom\u00e2niei, prin prejudiciul adus prestan\u0163ei institu\u0163iei Pre\u015fedin\u0163iei Rom\u00e2niei \u015fi prin erodarea [&hellip;]<\/p>\n","protected":false},"author":2,"featured_media":0,"parent":0,"menu_order":0,"comment_status":"closed","ping_status":"closed","template":"prysm-elementor-full-width.php","meta":{"footnotes":""},"class_list":["post-2471","page","type-page","status-publish","hentry"],"yoast_head":"<!-- This site is optimized with the Yoast SEO plugin v27.4 - https:\/\/yoast.com\/product\/yoast-seo-wordpress\/ -->\n<title>Comunicat de pres\u0103 din 23 iunie 2011 - Liga Pro Europa<\/title>\n<meta name=\"robots\" content=\"index, follow, max-snippet:-1, max-image-preview:large, max-video-preview:-1\" \/>\n<link rel=\"canonical\" href=\"https:\/\/proeuropa.ro\/v2\/comunicat-de-presa-din-23-iunie-2011\/\" \/>\n<meta property=\"og:locale\" content=\"en_US\" \/>\n<meta property=\"og:type\" content=\"article\" \/>\n<meta property=\"og:title\" content=\"Comunicat de pres\u0103 din 23 iunie 2011 - Liga Pro Europa\" \/>\n<meta property=\"og:description\" content=\"Comunicat de pres\u0103 din 23 iunie 2011 COMUNICAT DE PRES\u0102 Liga Pro Europa a urm\u0103rit cu consternare \u015fi indignare profund\u0103 afirma\u0163iile def\u0103im\u0103toare ale Pre\u015fedintelui Traian B\u0103sescu la adresa M.S. Regele Mihai.Pre\u015fedintele ne-a m\u00eehnit \u015fi ne-a umilit pe noi to\u0163i printr-o penibil\u0103 ignorare a istoriei Rom\u00e2niei, prin prejudiciul adus prestan\u0163ei institu\u0163iei Pre\u015fedin\u0163iei Rom\u00e2niei \u015fi prin erodarea [&hellip;]\" \/>\n<meta property=\"og:url\" content=\"https:\/\/proeuropa.ro\/v2\/comunicat-de-presa-din-23-iunie-2011\/\" \/>\n<meta property=\"og:site_name\" content=\"Liga Pro Europa\" \/>\n<meta property=\"article:modified_time\" content=\"2024-04-03T05:33:20+00:00\" \/>\n<meta name=\"twitter:card\" content=\"summary_large_image\" \/>\n<meta name=\"twitter:label1\" content=\"Est. reading time\" \/>\n\t<meta name=\"twitter:data1\" content=\"1 minute\" \/>\n<script type=\"application\/ld+json\" class=\"yoast-schema-graph\">{\"@context\":\"https:\\\/\\\/schema.org\",\"@graph\":[{\"@type\":\"WebPage\",\"@id\":\"https:\\\/\\\/proeuropa.ro\\\/v2\\\/comunicat-de-presa-din-23-iunie-2011\\\/\",\"url\":\"https:\\\/\\\/proeuropa.ro\\\/v2\\\/comunicat-de-presa-din-23-iunie-2011\\\/\",\"name\":\"Comunicat de pres\u0103 din 23 iunie 2011 - Liga Pro Europa\",\"isPartOf\":{\"@id\":\"https:\\\/\\\/proeuropa.ro\\\/v2\\\/#website\"},\"datePublished\":\"2024-04-03T05:31:39+00:00\",\"dateModified\":\"2024-04-03T05:33:20+00:00\",\"breadcrumb\":{\"@id\":\"https:\\\/\\\/proeuropa.ro\\\/v2\\\/comunicat-de-presa-din-23-iunie-2011\\\/#breadcrumb\"},\"inLanguage\":\"en-US\",\"potentialAction\":[{\"@type\":\"ReadAction\",\"target\":[\"https:\\\/\\\/proeuropa.ro\\\/v2\\\/comunicat-de-presa-din-23-iunie-2011\\\/\"]}]},{\"@type\":\"BreadcrumbList\",\"@id\":\"https:\\\/\\\/proeuropa.ro\\\/v2\\\/comunicat-de-presa-din-23-iunie-2011\\\/#breadcrumb\",\"itemListElement\":[{\"@type\":\"ListItem\",\"position\":1,\"name\":\"Prima pagin\u0103\",\"item\":\"https:\\\/\\\/proeuropa.ro\\\/v2\\\/\"},{\"@type\":\"ListItem\",\"position\":2,\"name\":\"Comunicat de pres\u0103 din 23 iunie 2011\"}]},{\"@type\":\"WebSite\",\"@id\":\"https:\\\/\\\/proeuropa.ro\\\/v2\\\/#website\",\"url\":\"https:\\\/\\\/proeuropa.ro\\\/v2\\\/\",\"name\":\"Liga Pro Europa\",\"description\":\"\",\"potentialAction\":[{\"@type\":\"SearchAction\",\"target\":{\"@type\":\"EntryPoint\",\"urlTemplate\":\"https:\\\/\\\/proeuropa.ro\\\/v2\\\/?s={search_term_string}\"},\"query-input\":{\"@type\":\"PropertyValueSpecification\",\"valueRequired\":true,\"valueName\":\"search_term_string\"}}],\"inLanguage\":\"en-US\"}]}<\/script>\n<!-- \/ Yoast SEO plugin. -->","yoast_head_json":{"title":"Comunicat de pres\u0103 din 23 iunie 2011 - Liga Pro Europa","robots":{"index":"index","follow":"follow","max-snippet":"max-snippet:-1","max-image-preview":"max-image-preview:large","max-video-preview":"max-video-preview:-1"},"canonical":"https:\/\/proeuropa.ro\/v2\/comunicat-de-presa-din-23-iunie-2011\/","og_locale":"en_US","og_type":"article","og_title":"Comunicat de pres\u0103 din 23 iunie 2011 - Liga Pro Europa","og_description":"Comunicat de pres\u0103 din 23 iunie 2011 COMUNICAT DE PRES\u0102 Liga Pro Europa a urm\u0103rit cu consternare \u015fi indignare profund\u0103 afirma\u0163iile def\u0103im\u0103toare ale Pre\u015fedintelui Traian B\u0103sescu la adresa M.S. Regele Mihai.Pre\u015fedintele ne-a m\u00eehnit \u015fi ne-a umilit pe noi to\u0163i printr-o penibil\u0103 ignorare a istoriei Rom\u00e2niei, prin prejudiciul adus prestan\u0163ei institu\u0163iei Pre\u015fedin\u0163iei Rom\u00e2niei \u015fi prin erodarea [&hellip;]","og_url":"https:\/\/proeuropa.ro\/v2\/comunicat-de-presa-din-23-iunie-2011\/","og_site_name":"Liga Pro Europa","article_modified_time":"2024-04-03T05:33:20+00:00","twitter_card":"summary_large_image","twitter_misc":{"Est. reading time":"1 minute"},"schema":{"@context":"https:\/\/schema.org","@graph":[{"@type":"WebPage","@id":"https:\/\/proeuropa.ro\/v2\/comunicat-de-presa-din-23-iunie-2011\/","url":"https:\/\/proeuropa.ro\/v2\/comunicat-de-presa-din-23-iunie-2011\/","name":"Comunicat de pres\u0103 din 23 iunie 2011 - Liga Pro Europa","isPartOf":{"@id":"https:\/\/proeuropa.ro\/v2\/#website"},"datePublished":"2024-04-03T05:31:39+00:00","dateModified":"2024-04-03T05:33:20+00:00","breadcrumb":{"@id":"https:\/\/proeuropa.ro\/v2\/comunicat-de-presa-din-23-iunie-2011\/#breadcrumb"},"inLanguage":"en-US","potentialAction":[{"@type":"ReadAction","target":["https:\/\/proeuropa.ro\/v2\/comunicat-de-presa-din-23-iunie-2011\/"]}]},{"@type":"BreadcrumbList","@id":"https:\/\/proeuropa.ro\/v2\/comunicat-de-presa-din-23-iunie-2011\/#breadcrumb","itemListElement":[{"@type":"ListItem","position":1,"name":"Prima pagin\u0103","item":"https:\/\/proeuropa.ro\/v2\/"},{"@type":"ListItem","position":2,"name":"Comunicat de pres\u0103 din 23 iunie 2011"}]},{"@type":"WebSite","@id":"https:\/\/proeuropa.ro\/v2\/#website","url":"https:\/\/proeuropa.ro\/v2\/","name":"Liga Pro Europa","description":"","potentialAction":[{"@type":"SearchAction","target":{"@type":"EntryPoint","urlTemplate":"https:\/\/proeuropa.ro\/v2\/?s={search_term_string}"},"query-input":{"@type":"PropertyValueSpecification","valueRequired":true,"valueName":"search_term_string"}}],"inLanguage":"en-US"}]}},"_links":{"self":[{"href":"https:\/\/proeuropa.ro\/v2\/wp-json\/wp\/v2\/pages\/2471","targetHints":{"allow":["GET"]}}],"collection":[{"href":"https:\/\/proeuropa.ro\/v2\/wp-json\/wp\/v2\/pages"}],"about":[{"href":"https:\/\/proeuropa.ro\/v2\/wp-json\/wp\/v2\/types\/page"}],"author":[{"embeddable":true,"href":"https:\/\/proeuropa.ro\/v2\/wp-json\/wp\/v2\/users\/2"}],"replies":[{"embeddable":true,"href":"https:\/\/proeuropa.ro\/v2\/wp-json\/wp\/v2\/comments?post=2471"}],"version-history":[{"count":4,"href":"https:\/\/proeuropa.ro\/v2\/wp-json\/wp\/v2\/pages\/2471\/revisions"}],"predecessor-version":[{"id":2475,"href":"https:\/\/proeuropa.ro\/v2\/wp-json\/wp\/v2\/pages\/2471\/revisions\/2475"}],"wp:attachment":[{"href":"https:\/\/proeuropa.ro\/v2\/wp-json\/wp\/v2\/media?parent=2471"}],"curies":[{"name":"wp","href":"https:\/\/api.w.org\/{rel}","templated":true}]}}