{"id":1444,"date":"2024-03-19T03:50:17","date_gmt":"2024-03-19T03:50:17","guid":{"rendered":"https:\/\/proeuropa.ro\/v2\/?page_id=1444"},"modified":"2024-06-05T14:06:08","modified_gmt":"2024-06-05T14:06:08","slug":"colegiul-democratiei","status":"publish","type":"page","link":"https:\/\/proeuropa.ro\/v2\/colegiul-democratiei\/","title":{"rendered":"Colegiul democra\u021biei"},"content":{"rendered":"\t\t<div data-elementor-type=\"wp-page\" data-elementor-id=\"1444\" class=\"elementor elementor-1444\">\n\t\t\t\t<div class=\"elementor-element elementor-element-9969201 e-flex e-con-boxed e-con e-parent\" data-id=\"9969201\" data-element_type=\"container\" data-e-type=\"container\">\n\t\t\t\t\t<div class=\"e-con-inner\">\n\t\t\t\t<div class=\"elementor-element elementor-element-2743d0f elementor-widget elementor-widget-image\" data-id=\"2743d0f\" data-element_type=\"widget\" data-e-type=\"widget\" data-widget_type=\"image.default\">\n\t\t\t\t<div class=\"elementor-widget-container\">\n\t\t\t\t\t\t\t\t\t\t\t\t\t\t\t<img decoding=\"async\" src=\"https:\/\/proeuropa.ro\/v2\/wp-content\/uploads\/elementor\/thumbs\/s-pliant-centrul-documentare-qp7qyas23gksywmpdm8pz8ow2pe3l6ddn5nrak2le8.jpg\" title=\"s-pliant-centrul-documentare\" alt=\"s-pliant-centrul-documentare\" loading=\"lazy\" \/>\t\t\t\t\t\t\t\t\t\t\t\t\t\t\t<\/div>\n\t\t\t\t<\/div>\n\t\t\t\t<div class=\"elementor-element elementor-element-3272229 elementor-widget__width-initial elementor-widget elementor-widget-text-editor\" data-id=\"3272229\" data-element_type=\"widget\" data-e-type=\"widget\" data-widget_type=\"text-editor.default\">\n\t\t\t\t<div class=\"elementor-widget-container\">\n\t\t\t\t\t\t\t\t\t<h2>Colegiul democra\u021biei<br \/>Prezentare general\u0103<\/h2><p align=\"left\"><span style=\"text-decoration: underline;\"><a href=\"https:\/\/proeuropa.ro\/v2\/colegiul-democratiei-2001\/\">Colegiul democra\u021biei 2001<\/a><\/span><\/p><p align=\"left\"><span style=\"text-decoration: underline;\"><a href=\"https:\/\/proeuropa.ro\/v2\/colegiul-democratiei-2003\/\">Colegiul democra\u021biei 2003<\/a><\/span><\/p><p align=\"left\"><span style=\"text-decoration: underline;\"><a href=\"https:\/\/proeuropa.ro\/v2\/colegiul-democratiei-2004\/\">Colegiul democra\u021biei 2004<\/a><\/span><\/p><p align=\"left\"><span style=\"text-decoration: underline;\"><a href=\"https:\/\/proeuropa.ro\/v2\/colegiul-democratiei-2005\/\">Colegiul democra\u021biei 2005<\/a><\/span><\/p><p class=\"western\" align=\"left\"><strong>Colegiul Democratiei<\/strong> este unul din cele mai de succes proiecte ale Ligii Pro Europa, initiat \u00een 1994. Programul urmareste sa \u00eencurajeze angajarea tinerilor lideri \u00een promovarea activa a democratiei pluraliste participative, oferindu-le ocazia \u00eentelegerii functionarii statului de drept, a mecanismelor parlamentare, guvernamentale si judiciare, ca si practicarea democratiei locale. Activitatile proiectului includ cursuri si ateliere referitoare la societatea civila, functionarea autoritatilor locale si nationale, a statului de drept, drepturile omului si ale minoritatilor, traditiile multiculturale din Transilvania, procesul decizional \u00eentr-o societate pluralista si prevenirea conflictelor. Studentii\u00a0 efectueaza un stagiu practic la Parlament, Guvern si Presedintie la Bucuresti si Budapesta. Studentii editiilor precedente au avut onoarea de a fi primiti de presedintii celor doua state \u2013 domnii Emil Constantinescu si G\u00f6ncz \u00c1rp\u00e1d.<\/p><p class=\"western\" align=\"left\">La \u00eencheierea programului, studentii \u00eendeplinesc pentru o zi rolul de consiliu local si elaboreaza eseuri de absolvire care, publicate \u00eentr-o brosura colectiva, s\u00eent difuzate \u00een cercuri largi.<\/p><p>P\u00een\u0103 \u00een 2003, un num\u0103r de 210 de tineri lideri au absolvit cursurile Colegiului Democratiei, care s\u00eent activi \u00een administratia locala, mass-media, partide politice, organizatii neguvernamentale sau s\u00eent studenti la facultatile de stiinte politice, relatii internationale, sociologie, drept, istorie, studii europene. <br \/>La <em>Gala Premiilor Societatii Civile 2002 <\/em>acest program a c\u00eestigat marele premiu la categoria <em>Educatie <\/em>.<\/p><h3 class=\"western\" align=\"left\"><strong>Colegiul Democra\u021biei \u2013 Principalele activit\u0103\u021bi <\/strong><\/h3><p class=\"western\" align=\"left\"><strong>I. Activitatile planificate s\u00eent la trei nivele: <\/strong><br \/>1. Cursuri, prelegeri bilunare si ateliere de lucru <br \/>2. Contacte directe cu institutiile statului de drept (administratie locala, politie, justitie) <br \/>3. Stagiu practic la Presedintie, Guvern, Parlament, Ambasade <br \/><strong>II. Program practic de exercitiu al autonomiei locale<\/strong> <br \/>Temele generale abordate la prelegeri <br \/>1. Statul de drept <br \/>2. Separarea puterilor \u00een stat <br \/>3. Democratia \u2013 un sistem perfect? <br \/>4. Pluralismul politic <br \/>5. Transparenta parlamentara <br \/>6. Institutiile statului de drept si rolul lor <br \/>7. Cooperarea regionala si integrarea europeana <br \/><strong><br \/>Institutii la care se vor desf\u0103\u0219ura dezbateri <\/strong><\/p><p class=\"western\" align=\"left\">Consiliul Judetean, Consiliul Municipal, Prefectura, Prim\u0103rie, Tribunal, Politie <br \/>Vizite la Bucuresti si Budapesta\u00a0 &#8211; Presedintie, Guvern, Parlament, Ambasada<\/p><h3 class=\"western\" align=\"left\"><a name=\"calendarul\"><\/a> Colegiul Democratiei \u2013 Editia a IX-a \u2013 Calendarul activitatilor<\/h3><p class=\"western\" align=\"left\">1. Prezentarea proiectului \u00een licee si \u00een mass-media- septembrie 2002 <br \/>2. \u00censcrierea candidatilor &#8211; septembrie 2002 <br \/>3. Constituirea juriului de selectionare. Stabilirea tematicii pentru testul scris &#8211; septembrie 2002 <br \/>4. Planificarea activitatilor &#8211; septembrie 2002 <br \/>5. Selectionarea candidatilor &#8211; test scris\u00a0 &#8211; 28 septembrie 2002 <br \/>6. Selectionarea candidatilor &#8211; interviu &#8211; 8 octombrie 2002 <br \/>7. Constituirea grupului &#8211; 11 octombrie 2002 <br \/>8. Inaugurarea festiva a Colegiului Democratiei. &#8211; Democratie \u00een sec. XXI., relatii bilaterale Ro.-USA (Michael J. Mates, Officer in Charge, U.S. Embassy Information Office) &#8211; 15 octombrie 2002 <br \/>9. Sesiunea I (Sovata) &#8211; 26-27 octombrie 2002 <br \/>\u00a0 &#8211; Curs: Organizatiile neguvernamentale si societatea civila (Mircea Suhareanu) <br \/>\u00a0 &#8211; Atelier: Scrierea unui proiect , \u00eentocmirea cererilor de finantare (Kov\u00e1cs Gy\u00f6ngyv\u00e9r) <br \/>10. Comemorare Kristallnacht. (Vizita la Sinagoga, Scoala Gen. nr.4) <br \/>Prezentarea evenimentelor din 1938 \u2014 Ausch Alexandru <br \/>Dialog cu un supravietuitor al lagarelor naziste \u2014 Gr\u00fcn Ladislau \u00a0&#8211; 7 noiembrie 2002 <br \/>11. Curs: Elemente de istorie si cultura ale comunitatii evreiesti din Transilvania (Spielmann Mih\u00e1ly) &#8211; 8 noiembrie 2002 <br \/>12. Curs: Statul; institutiile statului modern; principiul separarii puterilor \u00een stat \u2013 garantie a democratiei (Cristian P\u00e2rvulescu) &#8211; 23 noiembrie 2002 <br \/>13. Curs: Doctrine politice. Rolul partidelor politice \u00een statul de drept (Lucian Sacalean) &#8211; 30 noiembrie 2002 <br \/>14. Curs: Functionarea si organizarea puterii judecatoresti (Horatiu Dumbrava) &#8211; 14 decembrie 2002 <br \/>15. Atelier: Inamicii democratiei \u2013 comunismul si fascismul (Mircea Suhareanu) &#8211; 11 ianuarie 2003 <br \/>16. Curs: Drepturile minoritatilor \u00een Rom\u00e2nia &#8211; istoric si perspective (Frunda Gy\u00f6rgy) &#8211; 17 ianuarie 2003 <br \/>17. Curs: Functionarea si organizarea Inspectoratului de Politie (col.Rus-Pop Nicolae) &#8211; 25 ianuarie 2003 <br \/>18. Curs-atelier: Functionarea Judecatoriei T\u00eergu-Mures (Horatiu Dumbrava) &#8211; 28 ianuarie 2003 <br \/>19. Atelier: Sistemul electoral \u00een Rom\u00e2nia. Sisteme electorale \u00een Europa (Iulia Manolache) &#8211; 8 februarie 2003 <br \/>20. Atelier: Regimul comunist \u2013 sistemul tortionar (Szokoly Elek) \u2013 15 februarie 2003 <br \/>21. Curs: Transilvania &#8211; spatiu multicultural, multilingvistic si multiconfesional (Spielmann Mih\u00e1ly) &#8211; 22 februarie 2003 <br \/>22. Atelier de lucru: Exprimarea personalitatii prin limbajul corpului (F\u00fcl\u00f6p Emese) &#8211; 24 februarie 2003 <br \/>23. Atelier: Conferinta de presa \u2013 simulare (Kov\u00e1cs Gy\u00f6ngyv\u00e9r)- 28 februarie 2003 <br \/>24. Curs: Societatea civila \u00een apararea drepturilor omului \u2013 Legea accesului la informatiile de interes public (Manuela Stefanescu) &#8211; 1 martie 2003 <br \/>25. Atelier: Functionarea Prefecturii judetului Mures (Burkh\u00e1rdt \u00c1rp\u00e1d) &#8211; 11 martie 2003 <br \/>26. Participarea studentilor la manifestarile Saptam\u00eenii Tolerantei, organizata de Centrul Intercultural al LPE &#8211; 17-23 martie 2003 <br \/>27. Atelier de lucru: Leadership (Vargancsik Iring\u00f3) &#8211; 17 martie 2003 <br \/>28. Stagiu la Bucuresti. Vizita si dialog la Parlament (Senat, Camera Deputatilor), Guvern, Presedintie, Ambasada Republicii Ungare, CIDCE &#8211; 30 martie \u2013 3 aprilie 2003 <br \/>29. Curs-atelier: Drepturile copilului \u00een sistemul de \u00eenvatam\u00eent (Haller Istv\u00e1n) \u2013 16 aprilie 2003 <br \/>30. Curs: Elemente de cultura si istorie ale comunitatii maghiare din Transilvania (Szab\u00f3 \u00d6d\u00f6n) &#8211; 24 aprilie 2003 <br \/>31. Curs: Elemente de cultura si istorie ale comunitatii sasesti din Transilvania (Paul Philippi) &#8211; 25 aprilie 2003 <br \/>32. Participarea studentilor la Zilele Europei, manifestari organizate de Liga Pro Europa &#8211; Europublicitate \u2014 studentii Colegiului au distribuit materiale gratuite oferite de <br \/>Centrul de Informare al Uniunii Europene si Centrul de informare si documentare al Consiliului Europei &#8211; 9 mai 2003 <br \/>33. Atelier de lucru: Formarea de lideri (Smaranda Enache) \u2013 12 mai 2003 <br \/>34. Stagiu \u00een Ungaria. Vizita si dialog la Parlament, Guvern, Presedintie, CIDCE, Oficiul Maghiarilor de peste Hotare, Institutia Avocatului Poporului, Oficiul Minoritatilor Nationale si Etnice, Ambasada Rom\u00e2niei &#8211; la Budapesta.- 18 &#8211; 22 mai 2003 <br \/>35. Atelier: Participarea studentilor la sedinta Consiliului Municipiului T\u00eergu-Mures- 29 mai 2003 <br \/>36. Curs-atelier: Administratia publica locala (Csegzi S\u00e1ndor) &#8211; 30 mai 2003 <br \/>37. Elaborarea eseurilor de absolvire &#8211; iunie 2003 <br \/>38. Atelier: Pregatirea sesiunii publice, redactarea materialelor &#8211; 6 iunie 2003 <br \/>39. Sesiune publica: Primaria Tinerilor. Absolvire &#8211; \u00eenm\u00eenarea diplomelor. \u2013 10 iunie 2003<\/p><p>Imagini din istoria Colegiului (vezi galeria foto)<\/p><p class=\"western\" align=\"left\"><a name=\"album\"><\/a><\/p>\t\t\t\t\t\t\t\t<\/div>\n\t\t\t\t<\/div>\n\t\t\t\t\t<\/div>\n\t\t\t\t<\/div>\n\t\t\t\t<\/div>\n\t\t","protected":false},"excerpt":{"rendered":"<p>Colegiul democra\u021bieiPrezentare general\u0103 Colegiul democra\u021biei 2001 Colegiul democra\u021biei 2003 Colegiul democra\u021biei 2004 Colegiul democra\u021biei 2005 Colegiul Democratiei este unul din cele mai de succes proiecte ale Ligii Pro Europa, initiat \u00een 1994. Programul urmareste sa \u00eencurajeze angajarea tinerilor lideri \u00een promovarea activa a democratiei pluraliste participative, oferindu-le ocazia \u00eentelegerii functionarii statului de drept, a mecanismelor [&hellip;]<\/p>\n","protected":false},"author":2,"featured_media":0,"parent":0,"menu_order":0,"comment_status":"closed","ping_status":"closed","template":"prysm-elementor-full-width.php","meta":{"footnotes":""},"class_list":["post-1444","page","type-page","status-publish","hentry"],"yoast_head":"<!-- This site is optimized with the Yoast SEO plugin v27.4 - https:\/\/yoast.com\/product\/yoast-seo-wordpress\/ -->\n<title>Colegiul democra\u021biei - Liga Pro Europa<\/title>\n<meta name=\"robots\" content=\"index, follow, max-snippet:-1, max-image-preview:large, max-video-preview:-1\" \/>\n<link rel=\"canonical\" href=\"https:\/\/proeuropa.ro\/v2\/colegiul-democratiei\/\" \/>\n<meta property=\"og:locale\" content=\"en_US\" \/>\n<meta property=\"og:type\" content=\"article\" \/>\n<meta property=\"og:title\" content=\"Colegiul democra\u021biei - Liga Pro Europa\" \/>\n<meta property=\"og:description\" content=\"Colegiul democra\u021bieiPrezentare general\u0103 Colegiul democra\u021biei 2001 Colegiul democra\u021biei 2003 Colegiul democra\u021biei 2004 Colegiul democra\u021biei 2005 Colegiul Democratiei este unul din cele mai de succes proiecte ale Ligii Pro Europa, initiat \u00een 1994. Programul urmareste sa \u00eencurajeze angajarea tinerilor lideri \u00een promovarea activa a democratiei pluraliste participative, oferindu-le ocazia \u00eentelegerii functionarii statului de drept, a mecanismelor [&hellip;]\" \/>\n<meta property=\"og:url\" content=\"https:\/\/proeuropa.ro\/v2\/colegiul-democratiei\/\" \/>\n<meta property=\"og:site_name\" content=\"Liga Pro Europa\" \/>\n<meta property=\"article:modified_time\" content=\"2024-06-05T14:06:08+00:00\" \/>\n<meta property=\"og:image\" content=\"https:\/\/proeuropa.ro\/v2\/wp-content\/uploads\/elementor\/thumbs\/s-pliant-centrul-documentare-qp7qyas23gksywmpdm8pz8ow2pe3l6ddn5nr8oskqo.jpg\" \/>\n<meta name=\"twitter:card\" content=\"summary_large_image\" \/>\n<meta name=\"twitter:label1\" content=\"Est. reading time\" \/>\n\t<meta name=\"twitter:data1\" content=\"5 minutes\" \/>\n<script type=\"application\/ld+json\" class=\"yoast-schema-graph\">{\"@context\":\"https:\\\/\\\/schema.org\",\"@graph\":[{\"@type\":\"WebPage\",\"@id\":\"https:\\\/\\\/proeuropa.ro\\\/v2\\\/colegiul-democratiei\\\/\",\"url\":\"https:\\\/\\\/proeuropa.ro\\\/v2\\\/colegiul-democratiei\\\/\",\"name\":\"Colegiul democra\u021biei - Liga Pro Europa\",\"isPartOf\":{\"@id\":\"https:\\\/\\\/proeuropa.ro\\\/v2\\\/#website\"},\"primaryImageOfPage\":{\"@id\":\"https:\\\/\\\/proeuropa.ro\\\/v2\\\/colegiul-democratiei\\\/#primaryimage\"},\"image\":{\"@id\":\"https:\\\/\\\/proeuropa.ro\\\/v2\\\/colegiul-democratiei\\\/#primaryimage\"},\"thumbnailUrl\":\"https:\\\/\\\/proeuropa.ro\\\/v2\\\/wp-content\\\/uploads\\\/elementor\\\/thumbs\\\/s-pliant-centrul-documentare-qp7qyas23gksywmpdm8pz8ow2pe3l6ddn5nr8oskqo.jpg\",\"datePublished\":\"2024-03-19T03:50:17+00:00\",\"dateModified\":\"2024-06-05T14:06:08+00:00\",\"breadcrumb\":{\"@id\":\"https:\\\/\\\/proeuropa.ro\\\/v2\\\/colegiul-democratiei\\\/#breadcrumb\"},\"inLanguage\":\"en-US\",\"potentialAction\":[{\"@type\":\"ReadAction\",\"target\":[\"https:\\\/\\\/proeuropa.ro\\\/v2\\\/colegiul-democratiei\\\/\"]}]},{\"@type\":\"ImageObject\",\"inLanguage\":\"en-US\",\"@id\":\"https:\\\/\\\/proeuropa.ro\\\/v2\\\/colegiul-democratiei\\\/#primaryimage\",\"url\":\"https:\\\/\\\/proeuropa.ro\\\/v2\\\/wp-content\\\/uploads\\\/elementor\\\/thumbs\\\/s-pliant-centrul-documentare-qp7qyas23gksywmpdm8pz8ow2pe3l6ddn5nr8oskqo.jpg\",\"contentUrl\":\"https:\\\/\\\/proeuropa.ro\\\/v2\\\/wp-content\\\/uploads\\\/elementor\\\/thumbs\\\/s-pliant-centrul-documentare-qp7qyas23gksywmpdm8pz8ow2pe3l6ddn5nr8oskqo.jpg\"},{\"@type\":\"BreadcrumbList\",\"@id\":\"https:\\\/\\\/proeuropa.ro\\\/v2\\\/colegiul-democratiei\\\/#breadcrumb\",\"itemListElement\":[{\"@type\":\"ListItem\",\"position\":1,\"name\":\"Prima pagin\u0103\",\"item\":\"https:\\\/\\\/proeuropa.ro\\\/v2\\\/\"},{\"@type\":\"ListItem\",\"position\":2,\"name\":\"Colegiul democra\u021biei\"}]},{\"@type\":\"WebSite\",\"@id\":\"https:\\\/\\\/proeuropa.ro\\\/v2\\\/#website\",\"url\":\"https:\\\/\\\/proeuropa.ro\\\/v2\\\/\",\"name\":\"Liga Pro Europa\",\"description\":\"\",\"potentialAction\":[{\"@type\":\"SearchAction\",\"target\":{\"@type\":\"EntryPoint\",\"urlTemplate\":\"https:\\\/\\\/proeuropa.ro\\\/v2\\\/?s={search_term_string}\"},\"query-input\":{\"@type\":\"PropertyValueSpecification\",\"valueRequired\":true,\"valueName\":\"search_term_string\"}}],\"inLanguage\":\"en-US\"}]}<\/script>\n<!-- \/ Yoast SEO plugin. -->","yoast_head_json":{"title":"Colegiul democra\u021biei - Liga Pro Europa","robots":{"index":"index","follow":"follow","max-snippet":"max-snippet:-1","max-image-preview":"max-image-preview:large","max-video-preview":"max-video-preview:-1"},"canonical":"https:\/\/proeuropa.ro\/v2\/colegiul-democratiei\/","og_locale":"en_US","og_type":"article","og_title":"Colegiul democra\u021biei - Liga Pro Europa","og_description":"Colegiul democra\u021bieiPrezentare general\u0103 Colegiul democra\u021biei 2001 Colegiul democra\u021biei 2003 Colegiul democra\u021biei 2004 Colegiul democra\u021biei 2005 Colegiul Democratiei este unul din cele mai de succes proiecte ale Ligii Pro Europa, initiat \u00een 1994. Programul urmareste sa \u00eencurajeze angajarea tinerilor lideri \u00een promovarea activa a democratiei pluraliste participative, oferindu-le ocazia \u00eentelegerii functionarii statului de drept, a mecanismelor [&hellip;]","og_url":"https:\/\/proeuropa.ro\/v2\/colegiul-democratiei\/","og_site_name":"Liga Pro Europa","article_modified_time":"2024-06-05T14:06:08+00:00","og_image":[{"url":"https:\/\/proeuropa.ro\/v2\/wp-content\/uploads\/elementor\/thumbs\/s-pliant-centrul-documentare-qp7qyas23gksywmpdm8pz8ow2pe3l6ddn5nr8oskqo.jpg","type":"","width":"","height":""}],"twitter_card":"summary_large_image","twitter_misc":{"Est. reading time":"5 minutes"},"schema":{"@context":"https:\/\/schema.org","@graph":[{"@type":"WebPage","@id":"https:\/\/proeuropa.ro\/v2\/colegiul-democratiei\/","url":"https:\/\/proeuropa.ro\/v2\/colegiul-democratiei\/","name":"Colegiul democra\u021biei - Liga Pro Europa","isPartOf":{"@id":"https:\/\/proeuropa.ro\/v2\/#website"},"primaryImageOfPage":{"@id":"https:\/\/proeuropa.ro\/v2\/colegiul-democratiei\/#primaryimage"},"image":{"@id":"https:\/\/proeuropa.ro\/v2\/colegiul-democratiei\/#primaryimage"},"thumbnailUrl":"https:\/\/proeuropa.ro\/v2\/wp-content\/uploads\/elementor\/thumbs\/s-pliant-centrul-documentare-qp7qyas23gksywmpdm8pz8ow2pe3l6ddn5nr8oskqo.jpg","datePublished":"2024-03-19T03:50:17+00:00","dateModified":"2024-06-05T14:06:08+00:00","breadcrumb":{"@id":"https:\/\/proeuropa.ro\/v2\/colegiul-democratiei\/#breadcrumb"},"inLanguage":"en-US","potentialAction":[{"@type":"ReadAction","target":["https:\/\/proeuropa.ro\/v2\/colegiul-democratiei\/"]}]},{"@type":"ImageObject","inLanguage":"en-US","@id":"https:\/\/proeuropa.ro\/v2\/colegiul-democratiei\/#primaryimage","url":"https:\/\/proeuropa.ro\/v2\/wp-content\/uploads\/elementor\/thumbs\/s-pliant-centrul-documentare-qp7qyas23gksywmpdm8pz8ow2pe3l6ddn5nr8oskqo.jpg","contentUrl":"https:\/\/proeuropa.ro\/v2\/wp-content\/uploads\/elementor\/thumbs\/s-pliant-centrul-documentare-qp7qyas23gksywmpdm8pz8ow2pe3l6ddn5nr8oskqo.jpg"},{"@type":"BreadcrumbList","@id":"https:\/\/proeuropa.ro\/v2\/colegiul-democratiei\/#breadcrumb","itemListElement":[{"@type":"ListItem","position":1,"name":"Prima pagin\u0103","item":"https:\/\/proeuropa.ro\/v2\/"},{"@type":"ListItem","position":2,"name":"Colegiul democra\u021biei"}]},{"@type":"WebSite","@id":"https:\/\/proeuropa.ro\/v2\/#website","url":"https:\/\/proeuropa.ro\/v2\/","name":"Liga Pro Europa","description":"","potentialAction":[{"@type":"SearchAction","target":{"@type":"EntryPoint","urlTemplate":"https:\/\/proeuropa.ro\/v2\/?s={search_term_string}"},"query-input":{"@type":"PropertyValueSpecification","valueRequired":true,"valueName":"search_term_string"}}],"inLanguage":"en-US"}]}},"_links":{"self":[{"href":"https:\/\/proeuropa.ro\/v2\/wp-json\/wp\/v2\/pages\/1444","targetHints":{"allow":["GET"]}}],"collection":[{"href":"https:\/\/proeuropa.ro\/v2\/wp-json\/wp\/v2\/pages"}],"about":[{"href":"https:\/\/proeuropa.ro\/v2\/wp-json\/wp\/v2\/types\/page"}],"author":[{"embeddable":true,"href":"https:\/\/proeuropa.ro\/v2\/wp-json\/wp\/v2\/users\/2"}],"replies":[{"embeddable":true,"href":"https:\/\/proeuropa.ro\/v2\/wp-json\/wp\/v2\/comments?post=1444"}],"version-history":[{"count":37,"href":"https:\/\/proeuropa.ro\/v2\/wp-json\/wp\/v2\/pages\/1444\/revisions"}],"predecessor-version":[{"id":5486,"href":"https:\/\/proeuropa.ro\/v2\/wp-json\/wp\/v2\/pages\/1444\/revisions\/5486"}],"wp:attachment":[{"href":"https:\/\/proeuropa.ro\/v2\/wp-json\/wp\/v2\/media?parent=1444"}],"curies":[{"name":"wp","href":"https:\/\/api.w.org\/{rel}","templated":true}]}}