{"id":1399,"date":"2024-03-18T20:01:41","date_gmt":"2024-03-18T20:01:41","guid":{"rendered":"https:\/\/proeuropa.ro\/v2\/?page_id=1399"},"modified":"2026-01-25T04:27:05","modified_gmt":"2026-01-25T04:27:05","slug":"donatii-si-35","status":"publish","type":"page","link":"https:\/\/proeuropa.ro\/v2\/donatii-si-35\/","title":{"rendered":"Dona\u021bii \u0219i 3,5%"},"content":{"rendered":"\t\t<div data-elementor-type=\"wp-page\" data-elementor-id=\"1399\" class=\"elementor elementor-1399\">\n\t\t\t\t<div class=\"elementor-element elementor-element-38ab9c24 e-flex e-con-boxed e-con e-parent\" data-id=\"38ab9c24\" data-element_type=\"container\" data-e-type=\"container\">\n\t\t\t\t\t<div class=\"e-con-inner\">\n\t\t\t\t<div class=\"elementor-element elementor-element-dac805d elementor-widget elementor-widget-text-editor\" data-id=\"dac805d\" data-element_type=\"widget\" data-e-type=\"widget\" data-widget_type=\"text-editor.default\">\n\t\t\t\t<div class=\"elementor-widget-container\">\n\t\t\t\t\t\t\t\t\t<h2>Dona\u021bii \u0219i 3,5%<\/h2><p>Sus\u021bine\u021bi cu \u00eencredere Liga Pro Europa!<br \/>Liga Pro Europa este una dintre primele organiza\u0163ii neguvernamentale din Rom\u00e2nia<br \/>care \u015fi-a propus ca obiectiv principal integrarea \u0163\u0103rii \u00een Uniunea European\u0103,<br \/>consolidarea statului de drept, ap\u0103rarea drepturilor omului \u0219i minorit\u0103\u021bilor, educa\u021bia<br \/>intercultural\u0103, combaterea tuturor formelor de discriminare \u0219i a antisemitismului.<br \/>Liga Pro Europa nu beneficiaz\u0103 de finan\u021bare guvernamental\u0103, iar finan\u021b\u0103rile<br \/>interna\u021bionale pe temele prioritare ale Ligii au fost diminuate an de an.<br \/>Suntem o organiza\u021bie sus\u021binut\u0103 de voluntari \u0219i dona\u021bii private!<br \/>Chiar \u0219i \u00een aceste condi\u021bii, continu\u0103m s\u0103 milit\u0103m pentru valorile noastre \u0219i s\u0103<br \/>acord\u0103m asisten\u021b\u0103 persoanelor discriminate sau c\u0103rora li s-au \u00eenc\u0103lcat drepturile.<br \/>Pentru a purtea s\u0103 ne \u00eendeplinim \u00een continuare misiunea de sprijin pentru persoanele<br \/>discriminate, avem nevoie de sus\u021binerea Dumneavoastr\u0103!<br \/>Dona\u021bi 3.5% din impozitul pe venit pentru activit\u0103\u021bile Ligii Pro Europa \u0219i ve\u021bi<br \/>contribui direct la o cauz\u0103 \u00een care crede\u021bi!<br \/>Completa\u021bi\u00a0 formularul 230 \u00a0pentru venituri salariale \u0219i depune\u021bi-l personal sau<br \/>trimite\u021bi-l prin po\u0219t\u0103 la ANAF-ul din localitatea \u00een care domicilia\u021bi. V\u0103 mul\u021bumim\u00a0!<\/p><p><span style=\"text-decoration: underline;\"><a href=\"https:\/\/formular230.ro\/\">Formularul 230<\/a><\/span><br \/>Mai multe informa\u021bii despre completarea lui pute\u021bi g\u0103si pe www.anaf.ro<br \/>Denumire entitate: ACI Liga Pro Europa<br \/>Cod de identificare fiscal\u0103: 4027807<br \/>Cont bancar (IBAN): RO83 RZBR 0000 0600 0015 8270<br \/>Raiffeisen Bank<br \/>T\u00e2rgu Mure\u0219, Str. Bart\u00f3k B\u00e9la nr. 1<\/p>\t\t\t\t\t\t\t\t<\/div>\n\t\t\t\t<\/div>\n\t\t\t\t\t<\/div>\n\t\t\t\t<\/div>\n\t\t\t\t<\/div>\n\t\t","protected":false},"excerpt":{"rendered":"<p>Dona\u021bii \u0219i 3,5% Sus\u021bine\u021bi cu \u00eencredere Liga Pro Europa!Liga Pro Europa este una dintre primele organiza\u0163ii neguvernamentale din Rom\u00e2niacare \u015fi-a propus ca obiectiv principal integrarea \u0163\u0103rii \u00een Uniunea European\u0103,consolidarea statului de drept, ap\u0103rarea drepturilor omului \u0219i minorit\u0103\u021bilor, educa\u021biaintercultural\u0103, combaterea tuturor formelor de discriminare \u0219i a antisemitismului.Liga Pro Europa nu beneficiaz\u0103 de finan\u021bare guvernamental\u0103, iar finan\u021b\u0103rileinterna\u021bionale [&hellip;]<\/p>\n","protected":false},"author":2,"featured_media":0,"parent":0,"menu_order":0,"comment_status":"closed","ping_status":"closed","template":"prysm-elementor-full-width.php","meta":{"footnotes":""},"class_list":["post-1399","page","type-page","status-publish","hentry"],"yoast_head":"<!-- This site is optimized with the Yoast SEO plugin v27.4 - https:\/\/yoast.com\/product\/yoast-seo-wordpress\/ -->\n<title>Dona\u021bii \u0219i 3,5% - Liga Pro Europa<\/title>\n<meta name=\"robots\" content=\"index, follow, max-snippet:-1, max-image-preview:large, max-video-preview:-1\" \/>\n<link rel=\"canonical\" href=\"https:\/\/proeuropa.ro\/v2\/donatii-si-35\/\" \/>\n<meta property=\"og:locale\" content=\"en_US\" \/>\n<meta property=\"og:type\" content=\"article\" \/>\n<meta property=\"og:title\" content=\"Dona\u021bii \u0219i 3,5% - Liga Pro Europa\" \/>\n<meta property=\"og:description\" content=\"Dona\u021bii \u0219i 3,5% Sus\u021bine\u021bi cu \u00eencredere Liga Pro Europa!Liga Pro Europa este una dintre primele organiza\u0163ii neguvernamentale din Rom\u00e2niacare \u015fi-a propus ca obiectiv principal integrarea \u0163\u0103rii \u00een Uniunea European\u0103,consolidarea statului de drept, ap\u0103rarea drepturilor omului \u0219i minorit\u0103\u021bilor, educa\u021biaintercultural\u0103, combaterea tuturor formelor de discriminare \u0219i a antisemitismului.Liga Pro Europa nu beneficiaz\u0103 de finan\u021bare guvernamental\u0103, iar finan\u021b\u0103rileinterna\u021bionale [&hellip;]\" \/>\n<meta property=\"og:url\" content=\"https:\/\/proeuropa.ro\/v2\/donatii-si-35\/\" \/>\n<meta property=\"og:site_name\" content=\"Liga Pro Europa\" \/>\n<meta property=\"article:modified_time\" content=\"2026-01-25T04:27:05+00:00\" \/>\n<meta name=\"twitter:card\" content=\"summary_large_image\" \/>\n<meta name=\"twitter:label1\" content=\"Est. reading time\" \/>\n\t<meta name=\"twitter:data1\" content=\"1 minute\" \/>\n<script type=\"application\/ld+json\" class=\"yoast-schema-graph\">{\"@context\":\"https:\\\/\\\/schema.org\",\"@graph\":[{\"@type\":\"WebPage\",\"@id\":\"https:\\\/\\\/proeuropa.ro\\\/v2\\\/donatii-si-35\\\/\",\"url\":\"https:\\\/\\\/proeuropa.ro\\\/v2\\\/donatii-si-35\\\/\",\"name\":\"Dona\u021bii \u0219i 3,5% - Liga Pro Europa\",\"isPartOf\":{\"@id\":\"https:\\\/\\\/proeuropa.ro\\\/v2\\\/#website\"},\"datePublished\":\"2024-03-18T20:01:41+00:00\",\"dateModified\":\"2026-01-25T04:27:05+00:00\",\"breadcrumb\":{\"@id\":\"https:\\\/\\\/proeuropa.ro\\\/v2\\\/donatii-si-35\\\/#breadcrumb\"},\"inLanguage\":\"en-US\",\"potentialAction\":[{\"@type\":\"ReadAction\",\"target\":[\"https:\\\/\\\/proeuropa.ro\\\/v2\\\/donatii-si-35\\\/\"]}]},{\"@type\":\"BreadcrumbList\",\"@id\":\"https:\\\/\\\/proeuropa.ro\\\/v2\\\/donatii-si-35\\\/#breadcrumb\",\"itemListElement\":[{\"@type\":\"ListItem\",\"position\":1,\"name\":\"Prima pagin\u0103\",\"item\":\"https:\\\/\\\/proeuropa.ro\\\/v2\\\/\"},{\"@type\":\"ListItem\",\"position\":2,\"name\":\"Dona\u021bii \u0219i 3,5%\"}]},{\"@type\":\"WebSite\",\"@id\":\"https:\\\/\\\/proeuropa.ro\\\/v2\\\/#website\",\"url\":\"https:\\\/\\\/proeuropa.ro\\\/v2\\\/\",\"name\":\"Liga Pro Europa\",\"description\":\"\",\"potentialAction\":[{\"@type\":\"SearchAction\",\"target\":{\"@type\":\"EntryPoint\",\"urlTemplate\":\"https:\\\/\\\/proeuropa.ro\\\/v2\\\/?s={search_term_string}\"},\"query-input\":{\"@type\":\"PropertyValueSpecification\",\"valueRequired\":true,\"valueName\":\"search_term_string\"}}],\"inLanguage\":\"en-US\"}]}<\/script>\n<!-- \/ Yoast SEO plugin. -->","yoast_head_json":{"title":"Dona\u021bii \u0219i 3,5% - Liga Pro Europa","robots":{"index":"index","follow":"follow","max-snippet":"max-snippet:-1","max-image-preview":"max-image-preview:large","max-video-preview":"max-video-preview:-1"},"canonical":"https:\/\/proeuropa.ro\/v2\/donatii-si-35\/","og_locale":"en_US","og_type":"article","og_title":"Dona\u021bii \u0219i 3,5% - Liga Pro Europa","og_description":"Dona\u021bii \u0219i 3,5% Sus\u021bine\u021bi cu \u00eencredere Liga Pro Europa!Liga Pro Europa este una dintre primele organiza\u0163ii neguvernamentale din Rom\u00e2niacare \u015fi-a propus ca obiectiv principal integrarea \u0163\u0103rii \u00een Uniunea European\u0103,consolidarea statului de drept, ap\u0103rarea drepturilor omului \u0219i minorit\u0103\u021bilor, educa\u021biaintercultural\u0103, combaterea tuturor formelor de discriminare \u0219i a antisemitismului.Liga Pro Europa nu beneficiaz\u0103 de finan\u021bare guvernamental\u0103, iar finan\u021b\u0103rileinterna\u021bionale [&hellip;]","og_url":"https:\/\/proeuropa.ro\/v2\/donatii-si-35\/","og_site_name":"Liga Pro Europa","article_modified_time":"2026-01-25T04:27:05+00:00","twitter_card":"summary_large_image","twitter_misc":{"Est. reading time":"1 minute"},"schema":{"@context":"https:\/\/schema.org","@graph":[{"@type":"WebPage","@id":"https:\/\/proeuropa.ro\/v2\/donatii-si-35\/","url":"https:\/\/proeuropa.ro\/v2\/donatii-si-35\/","name":"Dona\u021bii \u0219i 3,5% - Liga Pro Europa","isPartOf":{"@id":"https:\/\/proeuropa.ro\/v2\/#website"},"datePublished":"2024-03-18T20:01:41+00:00","dateModified":"2026-01-25T04:27:05+00:00","breadcrumb":{"@id":"https:\/\/proeuropa.ro\/v2\/donatii-si-35\/#breadcrumb"},"inLanguage":"en-US","potentialAction":[{"@type":"ReadAction","target":["https:\/\/proeuropa.ro\/v2\/donatii-si-35\/"]}]},{"@type":"BreadcrumbList","@id":"https:\/\/proeuropa.ro\/v2\/donatii-si-35\/#breadcrumb","itemListElement":[{"@type":"ListItem","position":1,"name":"Prima pagin\u0103","item":"https:\/\/proeuropa.ro\/v2\/"},{"@type":"ListItem","position":2,"name":"Dona\u021bii \u0219i 3,5%"}]},{"@type":"WebSite","@id":"https:\/\/proeuropa.ro\/v2\/#website","url":"https:\/\/proeuropa.ro\/v2\/","name":"Liga Pro Europa","description":"","potentialAction":[{"@type":"SearchAction","target":{"@type":"EntryPoint","urlTemplate":"https:\/\/proeuropa.ro\/v2\/?s={search_term_string}"},"query-input":{"@type":"PropertyValueSpecification","valueRequired":true,"valueName":"search_term_string"}}],"inLanguage":"en-US"}]}},"_links":{"self":[{"href":"https:\/\/proeuropa.ro\/v2\/wp-json\/wp\/v2\/pages\/1399","targetHints":{"allow":["GET"]}}],"collection":[{"href":"https:\/\/proeuropa.ro\/v2\/wp-json\/wp\/v2\/pages"}],"about":[{"href":"https:\/\/proeuropa.ro\/v2\/wp-json\/wp\/v2\/types\/page"}],"author":[{"embeddable":true,"href":"https:\/\/proeuropa.ro\/v2\/wp-json\/wp\/v2\/users\/2"}],"replies":[{"embeddable":true,"href":"https:\/\/proeuropa.ro\/v2\/wp-json\/wp\/v2\/comments?post=1399"}],"version-history":[{"count":57,"href":"https:\/\/proeuropa.ro\/v2\/wp-json\/wp\/v2\/pages\/1399\/revisions"}],"predecessor-version":[{"id":8819,"href":"https:\/\/proeuropa.ro\/v2\/wp-json\/wp\/v2\/pages\/1399\/revisions\/8819"}],"wp:attachment":[{"href":"https:\/\/proeuropa.ro\/v2\/wp-json\/wp\/v2\/media?parent=1399"}],"curies":[{"name":"wp","href":"https:\/\/api.w.org\/{rel}","templated":true}]}}