{"id":1381,"date":"2024-03-18T19:38:53","date_gmt":"2024-03-18T19:38:53","guid":{"rendered":"https:\/\/proeuropa.ro\/v2\/?page_id=1381"},"modified":"2024-05-23T18:14:44","modified_gmt":"2024-05-23T18:14:44","slug":"altera-9","status":"publish","type":"page","link":"https:\/\/proeuropa.ro\/v2\/altera-9\/","title":{"rendered":"Altera 9"},"content":{"rendered":"\t\t<div data-elementor-type=\"wp-page\" data-elementor-id=\"1381\" class=\"elementor elementor-1381\">\n\t\t\t\t<div class=\"elementor-element elementor-element-18b1ee1 e-flex e-con-boxed e-con e-parent\" data-id=\"18b1ee1\" data-element_type=\"container\" data-e-type=\"container\">\n\t\t\t\t\t<div class=\"e-con-inner\">\n\t\t\t\t<div class=\"elementor-element elementor-element-4097152 elementor-widget elementor-widget-image\" data-id=\"4097152\" data-element_type=\"widget\" data-e-type=\"widget\" data-widget_type=\"image.default\">\n\t\t\t\t<div class=\"elementor-widget-container\">\n\t\t\t\t\t\t\t\t\t\t\t\t\t\t\t<img decoding=\"async\" src=\"https:\/\/proeuropa.ro\/v2\/wp-content\/uploads\/elementor\/thumbs\/a9-qlcgbw340hj8wtb6t31t7g9ev92ujj1m8ea4v0dkgg.jpg\" title=\"a9\" alt=\"a9\" loading=\"lazy\" \/>\t\t\t\t\t\t\t\t\t\t\t\t\t\t\t<\/div>\n\t\t\t\t<\/div>\n\t\t\t\t<div class=\"elementor-element elementor-element-ebf751c elementor-widget elementor-widget-text-editor\" data-id=\"ebf751c\" data-element_type=\"widget\" data-e-type=\"widget\" data-widget_type=\"text-editor.default\">\n\t\t\t\t<div class=\"elementor-widget-container\">\n\t\t\t\t\t\t\t\t\t<h2 class=\"western\" align=\"left\">Altera 9<\/h2><p class=\"western\" align=\"left\"><strong>Regionalism \u015fi regionalizare<\/strong><br \/>G\u00e9rard Marcou: Experien\u0163a francez\u0103 \u00een regionalizare: descentralizarea regional\u0103 \u00een statul unitar<br \/>George Kassimatis P. Lazaratos: Statutul juridic \u015fi institu\u0163ional al regiunilor \u00een Grecia<br \/>Ralf Kleinfield Theo A. J. Toonen: Aspecte politice, institu\u0163ionale \u015fi juridice ale regiunilor Olandei<br \/>Gurutz J\u00e1uregui: Na\u0163iunea \u015fi statul na\u0163ional \u00een perspectiva Uniunii Europene<br \/>Alexandru Cistelecan: Provincia ratat\u0103<br \/>G\u00e1bor Kolumb\u00e1n: Rom\u00e2nia \u00eentr-o Europ\u0103 a regiunilor<br \/><b><br \/><\/b><strong>Dialog<\/strong><br \/>De la problema transilvan\u0103 la problema european\u0103<\/p><p><strong>Studiu de caz<\/strong><br \/>Marius Cosmeanu: (Fu)turism: strategiile migra\u0163ionale ale rom\u00e2nilor prin Ungaria<\/p><p><strong>Document<\/strong><br \/>Recomandarea de la Oslo cu privire la drepturile lingvistice ale minorit\u0103\u0163ilor na\u0163ionale<\/p><p>Convergen\u0163e transilvane<br \/>Nadia Badrus: C\u0103rturarii sa\u015fi despre evrei<\/p><p>Fe\u0163ele Europei<br \/>Jean-Jeaques Furer: Elve\u0163ia \u015fi limbile sale<\/p><p><strong>Ecumenica<\/strong><br \/>Michael Bordeaux: Glasnost \u015fi Evanghelie. Apari\u0163ia pluralismului religios \u00een Rusia<\/p><p><strong>Recenzii<\/strong><br \/>B\u00e1n D. Andr\u00e1s, Di\u00f3szegi L\u00e1szl\u00f3, M\u00e1rer P\u00e1l, Pritz P\u00e1l, Romsics Ign\u00e1c: Integr\u00e1ci\u00f3s t\u00f6rekv\u00e9sek K\u00f6z\u00e9p- \u00e9s Kelet-Eur\u00f3p\u00e1ban<br \/>a 19. \u00e9s 20. sz\u00e1zadban (Tendin\u0163e integra\u0163ioniste \u00een Europa Central\u0103 \u015fi de Est \u00een secolele 19. \u015fi 20.)<\/p>\t\t\t\t\t\t\t\t<\/div>\n\t\t\t\t<\/div>\n\t\t\t\t\t<\/div>\n\t\t\t\t<\/div>\n\t\t\t\t<\/div>\n\t\t","protected":false},"excerpt":{"rendered":"<p>Altera 9 Regionalism \u015fi regionalizareG\u00e9rard Marcou: Experien\u0163a francez\u0103 \u00een regionalizare: descentralizarea regional\u0103 \u00een statul unitarGeorge Kassimatis P. Lazaratos: Statutul juridic \u015fi institu\u0163ional al regiunilor \u00een GreciaRalf Kleinfield Theo A. J. Toonen: Aspecte politice, institu\u0163ionale \u015fi juridice ale regiunilor OlandeiGurutz J\u00e1uregui: Na\u0163iunea \u015fi statul na\u0163ional \u00een perspectiva Uniunii EuropeneAlexandru Cistelecan: Provincia ratat\u0103G\u00e1bor Kolumb\u00e1n: Rom\u00e2nia \u00eentr-o Europ\u0103 [&hellip;]<\/p>\n","protected":false},"author":2,"featured_media":0,"parent":0,"menu_order":0,"comment_status":"closed","ping_status":"closed","template":"prysm-elementor-full-width.php","meta":{"footnotes":""},"class_list":["post-1381","page","type-page","status-publish","hentry"],"yoast_head":"<!-- This site is optimized with the Yoast SEO plugin v27.4 - https:\/\/yoast.com\/product\/yoast-seo-wordpress\/ -->\n<title>Altera 9 - Liga Pro Europa<\/title>\n<meta name=\"robots\" content=\"index, follow, max-snippet:-1, max-image-preview:large, max-video-preview:-1\" \/>\n<link rel=\"canonical\" href=\"https:\/\/proeuropa.ro\/v2\/altera-9\/\" \/>\n<meta property=\"og:locale\" content=\"en_US\" \/>\n<meta property=\"og:type\" content=\"article\" \/>\n<meta property=\"og:title\" content=\"Altera 9 - Liga Pro Europa\" \/>\n<meta property=\"og:description\" content=\"Altera 9 Regionalism \u015fi regionalizareG\u00e9rard Marcou: Experien\u0163a francez\u0103 \u00een regionalizare: descentralizarea regional\u0103 \u00een statul unitarGeorge Kassimatis P. Lazaratos: Statutul juridic \u015fi institu\u0163ional al regiunilor \u00een GreciaRalf Kleinfield Theo A. J. Toonen: Aspecte politice, institu\u0163ionale \u015fi juridice ale regiunilor OlandeiGurutz J\u00e1uregui: Na\u0163iunea \u015fi statul na\u0163ional \u00een perspectiva Uniunii EuropeneAlexandru Cistelecan: Provincia ratat\u0103G\u00e1bor Kolumb\u00e1n: Rom\u00e2nia \u00eentr-o Europ\u0103 [&hellip;]\" \/>\n<meta property=\"og:url\" content=\"https:\/\/proeuropa.ro\/v2\/altera-9\/\" \/>\n<meta property=\"og:site_name\" content=\"Liga Pro Europa\" \/>\n<meta property=\"article:modified_time\" content=\"2024-05-23T18:14:44+00:00\" \/>\n<meta property=\"og:image\" content=\"https:\/\/proeuropa.ro\/v2\/wp-content\/uploads\/elementor\/thumbs\/a9-qlcgbw340hj8wtb6t31t7g9ev92ujj1m8ea4v0dkgg.jpg\" \/>\n<meta name=\"twitter:card\" content=\"summary_large_image\" \/>\n<meta name=\"twitter:label1\" content=\"Est. reading time\" \/>\n\t<meta name=\"twitter:data1\" content=\"1 minute\" \/>\n<script type=\"application\/ld+json\" class=\"yoast-schema-graph\">{\"@context\":\"https:\\\/\\\/schema.org\",\"@graph\":[{\"@type\":\"WebPage\",\"@id\":\"https:\\\/\\\/proeuropa.ro\\\/v2\\\/altera-9\\\/\",\"url\":\"https:\\\/\\\/proeuropa.ro\\\/v2\\\/altera-9\\\/\",\"name\":\"Altera 9 - Liga Pro Europa\",\"isPartOf\":{\"@id\":\"https:\\\/\\\/proeuropa.ro\\\/v2\\\/#website\"},\"primaryImageOfPage\":{\"@id\":\"https:\\\/\\\/proeuropa.ro\\\/v2\\\/altera-9\\\/#primaryimage\"},\"image\":{\"@id\":\"https:\\\/\\\/proeuropa.ro\\\/v2\\\/altera-9\\\/#primaryimage\"},\"thumbnailUrl\":\"https:\\\/\\\/proeuropa.ro\\\/v2\\\/wp-content\\\/uploads\\\/elementor\\\/thumbs\\\/a9-qlcgbw340hj8wtb6t31t7g9ev92ujj1m8ea4v0dkgg.jpg\",\"datePublished\":\"2024-03-18T19:38:53+00:00\",\"dateModified\":\"2024-05-23T18:14:44+00:00\",\"breadcrumb\":{\"@id\":\"https:\\\/\\\/proeuropa.ro\\\/v2\\\/altera-9\\\/#breadcrumb\"},\"inLanguage\":\"en-US\",\"potentialAction\":[{\"@type\":\"ReadAction\",\"target\":[\"https:\\\/\\\/proeuropa.ro\\\/v2\\\/altera-9\\\/\"]}]},{\"@type\":\"ImageObject\",\"inLanguage\":\"en-US\",\"@id\":\"https:\\\/\\\/proeuropa.ro\\\/v2\\\/altera-9\\\/#primaryimage\",\"url\":\"https:\\\/\\\/proeuropa.ro\\\/v2\\\/wp-content\\\/uploads\\\/elementor\\\/thumbs\\\/a9-qlcgbw340hj8wtb6t31t7g9ev92ujj1m8ea4v0dkgg.jpg\",\"contentUrl\":\"https:\\\/\\\/proeuropa.ro\\\/v2\\\/wp-content\\\/uploads\\\/elementor\\\/thumbs\\\/a9-qlcgbw340hj8wtb6t31t7g9ev92ujj1m8ea4v0dkgg.jpg\"},{\"@type\":\"BreadcrumbList\",\"@id\":\"https:\\\/\\\/proeuropa.ro\\\/v2\\\/altera-9\\\/#breadcrumb\",\"itemListElement\":[{\"@type\":\"ListItem\",\"position\":1,\"name\":\"Prima pagin\u0103\",\"item\":\"https:\\\/\\\/proeuropa.ro\\\/v2\\\/\"},{\"@type\":\"ListItem\",\"position\":2,\"name\":\"Altera 9\"}]},{\"@type\":\"WebSite\",\"@id\":\"https:\\\/\\\/proeuropa.ro\\\/v2\\\/#website\",\"url\":\"https:\\\/\\\/proeuropa.ro\\\/v2\\\/\",\"name\":\"Liga Pro Europa\",\"description\":\"\",\"potentialAction\":[{\"@type\":\"SearchAction\",\"target\":{\"@type\":\"EntryPoint\",\"urlTemplate\":\"https:\\\/\\\/proeuropa.ro\\\/v2\\\/?s={search_term_string}\"},\"query-input\":{\"@type\":\"PropertyValueSpecification\",\"valueRequired\":true,\"valueName\":\"search_term_string\"}}],\"inLanguage\":\"en-US\"}]}<\/script>\n<!-- \/ Yoast SEO plugin. -->","yoast_head_json":{"title":"Altera 9 - Liga Pro Europa","robots":{"index":"index","follow":"follow","max-snippet":"max-snippet:-1","max-image-preview":"max-image-preview:large","max-video-preview":"max-video-preview:-1"},"canonical":"https:\/\/proeuropa.ro\/v2\/altera-9\/","og_locale":"en_US","og_type":"article","og_title":"Altera 9 - Liga Pro Europa","og_description":"Altera 9 Regionalism \u015fi regionalizareG\u00e9rard Marcou: Experien\u0163a francez\u0103 \u00een regionalizare: descentralizarea regional\u0103 \u00een statul unitarGeorge Kassimatis P. Lazaratos: Statutul juridic \u015fi institu\u0163ional al regiunilor \u00een GreciaRalf Kleinfield Theo A. J. Toonen: Aspecte politice, institu\u0163ionale \u015fi juridice ale regiunilor OlandeiGurutz J\u00e1uregui: Na\u0163iunea \u015fi statul na\u0163ional \u00een perspectiva Uniunii EuropeneAlexandru Cistelecan: Provincia ratat\u0103G\u00e1bor Kolumb\u00e1n: Rom\u00e2nia \u00eentr-o Europ\u0103 [&hellip;]","og_url":"https:\/\/proeuropa.ro\/v2\/altera-9\/","og_site_name":"Liga Pro Europa","article_modified_time":"2024-05-23T18:14:44+00:00","og_image":[{"url":"https:\/\/proeuropa.ro\/v2\/wp-content\/uploads\/elementor\/thumbs\/a9-qlcgbw340hj8wtb6t31t7g9ev92ujj1m8ea4v0dkgg.jpg","type":"","width":"","height":""}],"twitter_card":"summary_large_image","twitter_misc":{"Est. reading time":"1 minute"},"schema":{"@context":"https:\/\/schema.org","@graph":[{"@type":"WebPage","@id":"https:\/\/proeuropa.ro\/v2\/altera-9\/","url":"https:\/\/proeuropa.ro\/v2\/altera-9\/","name":"Altera 9 - Liga Pro Europa","isPartOf":{"@id":"https:\/\/proeuropa.ro\/v2\/#website"},"primaryImageOfPage":{"@id":"https:\/\/proeuropa.ro\/v2\/altera-9\/#primaryimage"},"image":{"@id":"https:\/\/proeuropa.ro\/v2\/altera-9\/#primaryimage"},"thumbnailUrl":"https:\/\/proeuropa.ro\/v2\/wp-content\/uploads\/elementor\/thumbs\/a9-qlcgbw340hj8wtb6t31t7g9ev92ujj1m8ea4v0dkgg.jpg","datePublished":"2024-03-18T19:38:53+00:00","dateModified":"2024-05-23T18:14:44+00:00","breadcrumb":{"@id":"https:\/\/proeuropa.ro\/v2\/altera-9\/#breadcrumb"},"inLanguage":"en-US","potentialAction":[{"@type":"ReadAction","target":["https:\/\/proeuropa.ro\/v2\/altera-9\/"]}]},{"@type":"ImageObject","inLanguage":"en-US","@id":"https:\/\/proeuropa.ro\/v2\/altera-9\/#primaryimage","url":"https:\/\/proeuropa.ro\/v2\/wp-content\/uploads\/elementor\/thumbs\/a9-qlcgbw340hj8wtb6t31t7g9ev92ujj1m8ea4v0dkgg.jpg","contentUrl":"https:\/\/proeuropa.ro\/v2\/wp-content\/uploads\/elementor\/thumbs\/a9-qlcgbw340hj8wtb6t31t7g9ev92ujj1m8ea4v0dkgg.jpg"},{"@type":"BreadcrumbList","@id":"https:\/\/proeuropa.ro\/v2\/altera-9\/#breadcrumb","itemListElement":[{"@type":"ListItem","position":1,"name":"Prima pagin\u0103","item":"https:\/\/proeuropa.ro\/v2\/"},{"@type":"ListItem","position":2,"name":"Altera 9"}]},{"@type":"WebSite","@id":"https:\/\/proeuropa.ro\/v2\/#website","url":"https:\/\/proeuropa.ro\/v2\/","name":"Liga Pro Europa","description":"","potentialAction":[{"@type":"SearchAction","target":{"@type":"EntryPoint","urlTemplate":"https:\/\/proeuropa.ro\/v2\/?s={search_term_string}"},"query-input":{"@type":"PropertyValueSpecification","valueRequired":true,"valueName":"search_term_string"}}],"inLanguage":"en-US"}]}},"_links":{"self":[{"href":"https:\/\/proeuropa.ro\/v2\/wp-json\/wp\/v2\/pages\/1381","targetHints":{"allow":["GET"]}}],"collection":[{"href":"https:\/\/proeuropa.ro\/v2\/wp-json\/wp\/v2\/pages"}],"about":[{"href":"https:\/\/proeuropa.ro\/v2\/wp-json\/wp\/v2\/types\/page"}],"author":[{"embeddable":true,"href":"https:\/\/proeuropa.ro\/v2\/wp-json\/wp\/v2\/users\/2"}],"replies":[{"embeddable":true,"href":"https:\/\/proeuropa.ro\/v2\/wp-json\/wp\/v2\/comments?post=1381"}],"version-history":[{"count":13,"href":"https:\/\/proeuropa.ro\/v2\/wp-json\/wp\/v2\/pages\/1381\/revisions"}],"predecessor-version":[{"id":4630,"href":"https:\/\/proeuropa.ro\/v2\/wp-json\/wp\/v2\/pages\/1381\/revisions\/4630"}],"wp:attachment":[{"href":"https:\/\/proeuropa.ro\/v2\/wp-json\/wp\/v2\/media?parent=1381"}],"curies":[{"name":"wp","href":"https:\/\/api.w.org\/{rel}","templated":true}]}}